{"id":3289,"date":"2019-09-01T09:24:01","date_gmt":"2019-09-01T09:24:01","guid":{"rendered":"https:\/\/aselgroup.com.tr\/?page_id=3289"},"modified":"2025-11-24T12:09:18","modified_gmt":"2025-11-24T12:09:18","slug":"tarihcemiz","status":"publish","type":"page","link":"https:\/\/aselgroup.com.tr\/en\/tarihcemiz\/","title":{"rendered":"Our history"},"content":{"rendered":"<div class=\"wpb-content-wrapper\"><div data-vc-full-width=\"true\" data-vc-full-width-temp=\"true\" data-vc-full-width-init=\"false\" data-vc-parallax=\"1.2\" class=\"vc_row wpb_row vc_row-fluid vc_custom_1763981989591 vc_row-has-fill vc_general vc_parallax vc_parallax-content-moving bg-image-ps-right\"><div class=\"wpb_column vc_column_container vc_col-sm-12 vc_col-lg-6 vc_col-md-6 rm-padding-lg bg-image-cl-ps-inherit\"><div class=\"vc_column-inner vc_custom_1573059637987\"><div class=\"wpb_wrapper\">\n\t<div  class=\"wpb_single_image wpb_content_element vc_align_center wpb_content_element image_align_xs_center image_align_sm_center\">\n\t\t\n\t\t<figure class=\"wpb_wrapper vc_figure\">\n\t\t\t<div class=\"vc_single_image-wrapper   vc_box_border_grey\"><img loading=\"lazy\" decoding=\"async\" width=\"640\" height=\"403\" src=\"https:\/\/aselgroup.com.tr\/wp-content\/uploads\/2025\/11\/Asel-Iplik-8-1024x644.jpg\" class=\"vc_single_image-img attachment-large\" alt=\"\" title=\"Yarn Asel 8\" srcset=\"https:\/\/aselgroup.com.tr\/wp-content\/uploads\/2025\/11\/Asel-Iplik-8-1024x644.jpg 1024w, https:\/\/aselgroup.com.tr\/wp-content\/uploads\/2025\/11\/Asel-Iplik-8-300x189.jpg 300w, https:\/\/aselgroup.com.tr\/wp-content\/uploads\/2025\/11\/Asel-Iplik-8-768x483.jpg 768w, https:\/\/aselgroup.com.tr\/wp-content\/uploads\/2025\/11\/Asel-Iplik-8-600x377.jpg 600w, https:\/\/aselgroup.com.tr\/wp-content\/uploads\/2025\/11\/Asel-Iplik-8.jpg 1080w\" sizes=\"auto, (max-width: 640px) 100vw, 640px\" \/><\/div>\n\t\t<\/figure>\n\t<\/div>\n<\/div><\/div><\/div><div class=\"wpb_column vc_column_container vc_col-sm-12 vc_col-lg-6 vc_col-md-6 rm-padding-lg bg-image-cl-ps-inherit\"><div class=\"vc_column-inner vc_custom_1573154355815\"><div class=\"wpb_wrapper\"><div id=\"ct-space-69e4e0dc80630\">\n\t<div class=\"ct-space\"><\/div>\n\t<div class=\"ct-inline-css\"  data-css=\"\t\t\t\t\t@media screen and (min-width: 1200px) {\t\t\t\t#ct-space-69e4e0dc80630 .ct-space {\t\t\t\t\theight: 30px;\t\t\t\t}\t\t\t}\t\t\t\t\t\t\t@media (min-width: 992px) and (max-width: 1199px) {\t\t\t\t#ct-space-69e4e0dc80630 .ct-space {\t\t\t\t\theight: 30px;\t\t\t\t}\t\t\t}\t\t\t\t\t\t\t@media (min-width: 768px) and (max-width: 991px) {\t\t\t\t#ct-space-69e4e0dc80630 .ct-space {\t\t\t\t\theight: 30px;\t\t\t\t}\t\t\t}\t\t\t\t\t\t\t@media screen and (max-width: 767px) {\t\t\t\t#ct-space-69e4e0dc80630 .ct-space {\t\t\t\t\theight: 20px;\t\t\t\t}\t\t\t}\t\t\">\n    <\/div>\n<\/div><div id=\"ct-heading\" class=\"ct-heading layout1 align-left align-left-md align-left-sm align-left-xs\">\n    <div class=\"ct-inline-css\"  data-css=\"                                \">\n    <\/div>\n\n    \n    <h3 class=\"ct-heading-tag\" style=\"margin-bottom:10px; \">\n                                    Asel Group                        <\/h3>\n\n    <\/div><div id=\"ct-heading-2\" class=\"ct-heading layout1 align-left align-left-md align-left-sm align-left-xs\">\n    <div class=\"ct-inline-css\"  data-css=\"                                \">\n    <\/div>\n\n    \n    <p class=\"ct-heading-tag\" style=\"margin-bottom:10px; \">\n                                    Asel Groups, foundations, 2006, in Istanbul and founded by a blacksmith with Mehmet Demirci aselmop phase were thrown. Under the leadership of Founding Director General Mehmet Demirci the process which began with the production of cleaning equipment, expanded in a short period of time multi-sectoral turned it into a structure.<\/p>\n<p>Aselmop operating in different parts of Istanbul from the time of Establishment, increased production capacity and strategic planning in the direction of its main production facility is preparing to move to the town of \u015firan years between Papua New Guinea and 2025-2026.<\/p>\n<p>The group of textile industrial zone located in Butler structuring in the field of textile, yarn and fabric is strengthened with saytex ASL. These two facilities, technical infrastructure and production volume with Asel occupies an important place in the group's industrial activities.<\/p>\n<p>Lesa established in Ankara Industrial, Industrial Solutions in the field of aselmop as a brand have been included in group activities.<\/p>\n<p>The group's infrastructure and construction activities 2024, G\u00fcm\u00fc\u015fhane Siran, founded in is structured with the excavation of hope. Regional service capacity has reached an important position in the field of operations in a short period of time.<\/p>\n<p>Today Asel Group; cleaning equipment, the production of textiles and fabrics, and excavation services in various sectors such as industrial products, a constantly evolving institution, the focus of investment continues to press ahead with a powerful and ID.                        <\/p>\n\n    <\/div><div id=\"ct-space-69e4e0dc80d37\">\n\t<div class=\"ct-space\"><\/div>\n\t<div class=\"ct-inline-css\"  data-css=\"\t\t\t\t\t@media screen and (min-width: 1200px) {\t\t\t\t#ct-space-69e4e0dc80d37 .ct-space {\t\t\t\t\theight: 20px;\t\t\t\t}\t\t\t}\t\t\t\t\t\t\t@media (min-width: 992px) and (max-width: 1199px) {\t\t\t\t#ct-space-69e4e0dc80d37 .ct-space {\t\t\t\t\theight: 20px;\t\t\t\t}\t\t\t}\t\t\t\t\t\t\t@media (min-width: 768px) and (max-width: 991px) {\t\t\t\t#ct-space-69e4e0dc80d37 .ct-space {\t\t\t\t\theight: 20px;\t\t\t\t}\t\t\t}\t\t\t\t\t\t\t@media screen and (max-width: 767px) {\t\t\t\t#ct-space-69e4e0dc80d37 .ct-space {\t\t\t\t\theight: 20px;\t\t\t\t}\t\t\t}\t\t\">\n    <\/div>\n<\/div><div class=\"ct-fancybox-layout1\">\n    <div class=\"ct-fancybox-inner\">\n                            <h3 class=\"ct-fancybox-title\">\n                Asel Group            <\/h3>\n                            <div class=\"ct-fancybox-content\" style=\"\">\n                The Board Of Directors            <\/div>\n            <\/div>\n<\/div><div id=\"ct-space-69e4e0dc813e9\">\n\t<div class=\"ct-space\"><\/div>\n\t<div class=\"ct-inline-css\"  data-css=\"\t\t\t\t\t@media screen and (min-width: 1200px) {\t\t\t\t#ct-space-69e4e0dc813e9 .ct-space {\t\t\t\t\theight: 110px;\t\t\t\t}\t\t\t}\t\t\t\t\t\t\t@media (min-width: 992px) and (max-width: 1199px) {\t\t\t\t#ct-space-69e4e0dc813e9 .ct-space {\t\t\t\t\theight: 110px;\t\t\t\t}\t\t\t}\t\t\t\t\t\t\t@media (min-width: 768px) and (max-width: 991px) {\t\t\t\t#ct-space-69e4e0dc813e9 .ct-space {\t\t\t\t\theight: 60px;\t\t\t\t}\t\t\t}\t\t\t\t\t\t\t@media screen and (max-width: 767px) {\t\t\t\t#ct-space-69e4e0dc813e9 .ct-space {\t\t\t\t\theight: 60px;\t\t\t\t}\t\t\t}\t\t\">\n    <\/div>\n<\/div><\/div><\/div><\/div><\/div><div class=\"vc_row-full-width vc_clearfix\"><\/div><div data-vc-full-width=\"true\" data-vc-full-width-temp=\"true\" data-vc-full-width-init=\"false\" data-vc-stretch-content=\"true\" class=\"vc_row wpb_row vc_row-fluid vc_custom_1763985267448 vc_row-has-fill vc_row-o-content-middle vc_row-flex bg-image-ps-center\"><div class=\"wpb_column vc_column_container vc_col-sm-12 bg-image-cl-ps-inherit rm-cl-margin-lg-15px\"><div class=\"vc_column-inner\"><div class=\"wpb_wrapper\"><div id=\"ct-image-single-69e4e0dc816f4\" class=\"ct-image-single text-center\">\n            <div class=\"ct-image   clearfix\">\n                            <img decoding=\"async\"   src=\"https:\/\/aselgroup.com.tr\/wp-content\/uploads\/2025\/11\/GES-2-1-1-scaled-e1763986078699.jpg\" alt=\"\"\/>\n                    <\/div>\n    <\/div><\/div><\/div><\/div><\/div><div class=\"vc_row-full-width vc_clearfix\"><\/div>\n<\/div>","protected":false},"excerpt":{"rendered":"Asel Grup Asel Grup\u2019un temelleri, 2006 y\u0131l\u0131nda \u0130stanbul\u2019da Mehmet Demirci ve Fazl\u0131 Demirci taraf\u0131ndan kurulan Aselmop ile at\u0131ld\u0131. Kurucu genel m\u00fcd\u00fcr Mehmet Demirci\u2019nin liderli\u011finde temizlik ekipmanlar\u0131 \u00fcretimiyle ba\u015flayan s\u00fcre\u00e7, k\u0131sa s\u00fcrede geni\u015fleyerek \u00e7ok sekt\u00f6rl\u00fc bir yap\u0131ya d\u00f6n\u00fc\u015ft\u00fc. Kurulu\u015f d\u00f6neminden itibaren \u0130stanbul\u2019un farkl\u0131 b\u00f6lgelerinde faaliyet g\u00f6steren Aselmop, artan \u00fcretim kapasitesi ve stratejik planlamalar do\u011frultusunda ana \u00fcretim [...]","protected":false},"author":1,"featured_media":0,"parent":0,"menu_order":0,"comment_status":"closed","ping_status":"closed","template":"","meta":{"footnotes":""},"class_list":["post-3289","page","type-page","status-publish","hentry"],"_links":{"self":[{"href":"https:\/\/aselgroup.com.tr\/en\/wp-json\/wp\/v2\/pages\/3289","targetHints":{"allow":["GET"]}}],"collection":[{"href":"https:\/\/aselgroup.com.tr\/en\/wp-json\/wp\/v2\/pages"}],"about":[{"href":"https:\/\/aselgroup.com.tr\/en\/wp-json\/wp\/v2\/types\/page"}],"author":[{"embeddable":true,"href":"https:\/\/aselgroup.com.tr\/en\/wp-json\/wp\/v2\/users\/1"}],"replies":[{"embeddable":true,"href":"https:\/\/aselgroup.com.tr\/en\/wp-json\/wp\/v2\/comments?post=3289"}],"version-history":[{"count":25,"href":"https:\/\/aselgroup.com.tr\/en\/wp-json\/wp\/v2\/pages\/3289\/revisions"}],"predecessor-version":[{"id":3486,"href":"https:\/\/aselgroup.com.tr\/en\/wp-json\/wp\/v2\/pages\/3289\/revisions\/3486"}],"wp:attachment":[{"href":"https:\/\/aselgroup.com.tr\/en\/wp-json\/wp\/v2\/media?parent=3289"}],"curies":[{"name":"wp","href":"https:\/\/api.w.org\/{rel}","templated":true}]}}