{"id":3328,"date":"2019-09-01T09:24:01","date_gmt":"2019-09-01T09:24:01","guid":{"rendered":"https:\/\/aselgroup.com.tr\/?page_id=3328"},"modified":"2025-11-30T23:19:53","modified_gmt":"2025-11-30T23:19:53","slug":"surdurulebilirlik","status":"publish","type":"page","link":"https:\/\/aselgroup.com.tr\/en\/surdurulebilirlik\/","title":{"rendered":"Sustainability"},"content":{"rendered":"<div class=\"wpb-content-wrapper\"><div data-vc-full-width=\"true\" data-vc-full-width-temp=\"true\" data-vc-full-width-init=\"false\" data-vc-parallax=\"1.2\" class=\"vc_row wpb_row vc_row-fluid vc_custom_1764543027030 vc_row-has-fill vc_general vc_parallax vc_parallax-content-moving bg-image-ps-right\"><div class=\"wpb_column vc_column_container vc_col-sm-12 vc_col-lg-6 vc_col-md-6 rm-padding-lg bg-image-cl-ps-inherit\"><div class=\"vc_column-inner vc_custom_1573059637987\"><div class=\"wpb_wrapper\">\n\t<div  class=\"wpb_single_image wpb_content_element vc_align_left wpb_content_element inherit inherit\">\n\t\t\n\t\t<figure class=\"wpb_wrapper vc_figure\">\n\t\t\t<div class=\"vc_single_image-wrapper   vc_box_border_grey\"><img loading=\"lazy\" decoding=\"async\" width=\"1024\" height=\"810\" src=\"https:\/\/aselgroup.com.tr\/wp-content\/uploads\/2025\/11\/Surdurulebilirlik-1-e1764542853769.png\" class=\"vc_single_image-img attachment-full\" alt=\"\" title=\"1 sustainability\" srcset=\"https:\/\/aselgroup.com.tr\/wp-content\/uploads\/2025\/11\/Surdurulebilirlik-1-e1764542853769.png 1024w, https:\/\/aselgroup.com.tr\/wp-content\/uploads\/2025\/11\/Surdurulebilirlik-1-e1764542853769-300x237.png 300w, https:\/\/aselgroup.com.tr\/wp-content\/uploads\/2025\/11\/Surdurulebilirlik-1-e1764542853769-768x608.png 768w, https:\/\/aselgroup.com.tr\/wp-content\/uploads\/2025\/11\/Surdurulebilirlik-1-e1764542853769-110x88.png 110w, https:\/\/aselgroup.com.tr\/wp-content\/uploads\/2025\/11\/Surdurulebilirlik-1-e1764542853769-600x475.png 600w\" sizes=\"auto, (max-width: 1024px) 100vw, 1024px\" \/><\/div>\n\t\t<\/figure>\n\t<\/div>\n<\/div><\/div><\/div><div class=\"wpb_column vc_column_container vc_col-sm-12 vc_col-lg-6 vc_col-md-6 rm-padding-lg bg-image-cl-ps-inherit\"><div class=\"vc_column-inner vc_custom_1573154355815\"><div class=\"wpb_wrapper\"><div id=\"ct-space-69e4e0e1d12b8\">\n\t<div class=\"ct-space\"><\/div>\n\t<div class=\"ct-inline-css\"  data-css=\"\t\t\t\t\t@media screen and (min-width: 1200px) {\t\t\t\t#ct-space-69e4e0e1d12b8 .ct-space {\t\t\t\t\theight: 30px;\t\t\t\t}\t\t\t}\t\t\t\t\t\t\t@media (min-width: 992px) and (max-width: 1199px) {\t\t\t\t#ct-space-69e4e0e1d12b8 .ct-space {\t\t\t\t\theight: 30px;\t\t\t\t}\t\t\t}\t\t\t\t\t\t\t@media (min-width: 768px) and (max-width: 991px) {\t\t\t\t#ct-space-69e4e0e1d12b8 .ct-space {\t\t\t\t\theight: 30px;\t\t\t\t}\t\t\t}\t\t\t\t\t\t\t@media screen and (max-width: 767px) {\t\t\t\t#ct-space-69e4e0e1d12b8 .ct-space {\t\t\t\t\theight: 20px;\t\t\t\t}\t\t\t}\t\t\">\n    <\/div>\n<\/div><div id=\"ct-heading\" class=\"ct-heading layout1 align-left align-left-md align-left-sm align-left-xs\">\n    <div class=\"ct-inline-css\"  data-css=\"                                \">\n    <\/div>\n\n    \n    <h3 class=\"ct-heading-tag\" style=\"margin-bottom:10px; \">\n                                    Sustainability                        <\/h3>\n\n    <\/div><div id=\"ct-heading-2\" class=\"ct-heading layout1 align-left align-left-md align-left-sm align-left-xs  desc-active\">\n    <div class=\"ct-inline-css\"  data-css=\"                                \">\n    <\/div>\n\n    \n    <h3 class=\"ct-heading-tag\" style=\"color:#ff5e14; \">\n            <\/h3>\n\n            <div class=\"ct-heading-desc\" >Asel group in which we operate in all sectors of sustainability approach is not only a principle, as the basic building block of our business model we adopt. The institutions that shape the future; environmental awareness, producing structures that we believe should be contributing to society and economically sustainable solutions. In line with this, the conscious use of our resources, new technologies closely and with each step we take responsibility for a more livable world.<\/div>\n    <\/div><div id=\"ct-space-69e4e0e1d18d4\">\n\t<div class=\"ct-space\"><\/div>\n\t<div class=\"ct-inline-css\"  data-css=\"\t\t\t\t\t@media screen and (min-width: 1200px) {\t\t\t\t#ct-space-69e4e0e1d18d4 .ct-space {\t\t\t\t\theight: 20px;\t\t\t\t}\t\t\t}\t\t\t\t\t\t\t@media (min-width: 992px) and (max-width: 1199px) {\t\t\t\t#ct-space-69e4e0e1d18d4 .ct-space {\t\t\t\t\theight: 20px;\t\t\t\t}\t\t\t}\t\t\t\t\t\t\t@media (min-width: 768px) and (max-width: 991px) {\t\t\t\t#ct-space-69e4e0e1d18d4 .ct-space {\t\t\t\t\theight: 20px;\t\t\t\t}\t\t\t}\t\t\t\t\t\t\t@media screen and (max-width: 767px) {\t\t\t\t#ct-space-69e4e0e1d18d4 .ct-space {\t\t\t\t\theight: 20px;\t\t\t\t}\t\t\t}\t\t\">\n    <\/div>\n<\/div><div id=\"ct-space-69e4e0e1d1a98\">\n\t<div class=\"ct-space\"><\/div>\n\t<div class=\"ct-inline-css\"  data-css=\"\t\t\t\t\t@media screen and (min-width: 1200px) {\t\t\t\t#ct-space-69e4e0e1d1a98 .ct-space {\t\t\t\t\theight: 110px;\t\t\t\t}\t\t\t}\t\t\t\t\t\t\t@media (min-width: 992px) and (max-width: 1199px) {\t\t\t\t#ct-space-69e4e0e1d1a98 .ct-space {\t\t\t\t\theight: 110px;\t\t\t\t}\t\t\t}\t\t\t\t\t\t\t@media (min-width: 768px) and (max-width: 991px) {\t\t\t\t#ct-space-69e4e0e1d1a98 .ct-space {\t\t\t\t\theight: 60px;\t\t\t\t}\t\t\t}\t\t\t\t\t\t\t@media screen and (max-width: 767px) {\t\t\t\t#ct-space-69e4e0e1d1a98 .ct-space {\t\t\t\t\theight: 60px;\t\t\t\t}\t\t\t}\t\t\">\n    <\/div>\n<\/div><\/div><\/div><\/div><\/div><div class=\"vc_row-full-width vc_clearfix\"><\/div><div data-vc-full-width=\"true\" data-vc-full-width-temp=\"true\" data-vc-full-width-init=\"false\" data-vc-stretch-content=\"true\" data-vc-parallax=\"1.5\" data-vc-parallax-image=\"https:\/\/aselgroup.com.tr\/wp-content\/uploads\/2025\/11\/Asel-Iplik-3-1.jpg\" class=\"vc_row wpb_row vc_row-fluid vc_custom_1764543914048 vc_row-has-fill vc_column-gap-35 vc_rtl-columns-reverse vc_row-o-equal-height vc_row-o-content-middle vc_row-flex vc_general vc_parallax vc_parallax-content-moving row-overlay bg-image-ps-inherit\"><div class=\"wpb_column vc_column_container vc_col-sm-12 bg-image-cl-ps-inherit\"><div class=\"vc_column-inner vc_custom_1570810276722\"><div class=\"wpb_wrapper\"><div id=\"ct-space-69e4e0e1d22eb\">\n\t<div class=\"ct-space\"><\/div>\n\t<div class=\"ct-inline-css\"  data-css=\"\t\t\t\t\t@media screen and (min-width: 1200px) {\t\t\t\t#ct-space-69e4e0e1d22eb .ct-space {\t\t\t\t\theight: 300px;\t\t\t\t}\t\t\t}\t\t\t\t\t\t\t@media (min-width: 992px) and (max-width: 1199px) {\t\t\t\t#ct-space-69e4e0e1d22eb .ct-space {\t\t\t\t\theight: 45px;\t\t\t\t}\t\t\t}\t\t\t\t\t\t\t@media (min-width: 768px) and (max-width: 991px) {\t\t\t\t#ct-space-69e4e0e1d22eb .ct-space {\t\t\t\t\theight: 45px;\t\t\t\t}\t\t\t}\t\t\t\t\t\t\t@media screen and (max-width: 767px) {\t\t\t\t#ct-space-69e4e0e1d22eb .ct-space {\t\t\t\t\theight: 45px;\t\t\t\t}\t\t\t}\t\t\">\n    <\/div>\n<\/div><div id=\"ct-space-69e4e0e1d25bd\">\n\t<div class=\"ct-space\"><\/div>\n\t<div class=\"ct-inline-css\"  data-css=\"\t\t\t\t\t@media screen and (min-width: 1200px) {\t\t\t\t#ct-space-69e4e0e1d25bd .ct-space {\t\t\t\t\theight: 75px;\t\t\t\t}\t\t\t}\t\t\t\t\t\t\t@media (min-width: 992px) and (max-width: 1199px) {\t\t\t\t#ct-space-69e4e0e1d25bd .ct-space {\t\t\t\t\theight: 45px;\t\t\t\t}\t\t\t}\t\t\t\t\t\t\t@media (min-width: 768px) and (max-width: 991px) {\t\t\t\t#ct-space-69e4e0e1d25bd .ct-space {\t\t\t\t\theight: 45px;\t\t\t\t}\t\t\t}\t\t\t\t\t\t\t@media screen and (max-width: 767px) {\t\t\t\t#ct-space-69e4e0e1d25bd .ct-space {\t\t\t\t\theight: 45px;\t\t\t\t}\t\t\t}\t\t\">\n    <\/div>\n<\/div><\/div><\/div><\/div><\/div><div class=\"vc_row-full-width vc_clearfix\"><\/div><div class=\"vc_row wpb_row vc_row-fluid bg-image-ps-inherit\"><div class=\"wpb_column vc_column_container vc_col-sm-12 bg-image-cl-ps-inherit\"><div class=\"vc_column-inner vc_custom_1570380091117\"><div class=\"wpb_wrapper\"><div class=\"vc_empty_space\"   style=\"height: 5px\"><span class=\"vc_empty_space_inner\"><\/span><\/div><\/div><\/div><\/div><\/div><div data-vc-full-width=\"true\" data-vc-full-width-temp=\"true\" data-vc-full-width-init=\"false\" data-vc-parallax=\"1.2\" class=\"vc_row wpb_row vc_row-fluid vc_custom_1764543027030 vc_row-has-fill vc_general vc_parallax vc_parallax-content-moving bg-image-ps-right\"><div class=\"wpb_column vc_column_container vc_col-sm-12 vc_col-lg-6 vc_col-md-6 rm-padding-lg bg-image-cl-ps-inherit\"><div class=\"vc_column-inner vc_custom_1573059637987\"><div class=\"wpb_wrapper\">\n\t<div  class=\"wpb_single_image wpb_content_element vc_align_center wpb_content_element image_align_xs_center image_align_sm_center\">\n\t\t\n\t\t<figure class=\"wpb_wrapper vc_figure\">\n\t\t\t<div class=\"vc_single_image-wrapper   vc_box_border_grey\"><img loading=\"lazy\" decoding=\"async\" width=\"640\" height=\"484\" src=\"https:\/\/aselgroup.com.tr\/wp-content\/uploads\/2025\/11\/Surdurulebilirlik-3-e1764543580546.png\" class=\"vc_single_image-img attachment-large\" alt=\"\" title=\"3 sustainability\" srcset=\"https:\/\/aselgroup.com.tr\/wp-content\/uploads\/2025\/11\/Surdurulebilirlik-3-e1764543580546.png 1024w, https:\/\/aselgroup.com.tr\/wp-content\/uploads\/2025\/11\/Surdurulebilirlik-3-e1764543580546-300x227.png 300w, https:\/\/aselgroup.com.tr\/wp-content\/uploads\/2025\/11\/Surdurulebilirlik-3-e1764543580546-768x581.png 768w, https:\/\/aselgroup.com.tr\/wp-content\/uploads\/2025\/11\/Surdurulebilirlik-3-e1764543580546-600x454.png 600w\" sizes=\"auto, (max-width: 640px) 100vw, 640px\" \/><\/div>\n\t\t<\/figure>\n\t<\/div>\n<\/div><\/div><\/div><div class=\"wpb_column vc_column_container vc_col-sm-12 vc_col-lg-6 vc_col-md-6 rm-padding-lg bg-image-cl-ps-inherit\"><div class=\"vc_column-inner vc_custom_1573154355815\"><div class=\"wpb_wrapper\"><div id=\"ct-heading-3\" class=\"ct-heading layout1 align-left align-left-md align-left-sm align-left-xs  desc-active\">\n    <div class=\"ct-inline-css\"  data-css=\"                    @media (min-width: 991px) and (max-width: 1199px) {                #ct-heading-3 .ct-heading-tag {                                            font-size: 35px !important;                                                                line-height: 45px !important;                                    }            }                            @media (min-width: 768px) and (max-width: 991px) {                #ct-heading-3 .ct-heading-tag {                                            font-size: 35px !important;                                                                line-height: 45px !important;                                    }            }                            @media screen and (max-width: 767px) {                #ct-heading-3 .ct-heading-tag {                                            font-size: 35px !important;                                                                line-height: 45px !important;                                    }            }                \">\n    <\/div>\n\n    \n    <h3 class=\"ct-heading-tag\" style=\"font-size:35px;line-height:45px;font-weight:600; \">\n                                    Environmental Responsibility                        <\/h3>\n\n            <div class=\"ct-heading-desc\" >We are aware of Environmental Protection is to protect the future. Therefore: we use technologies that increase energy efficiency. We are developing methods to reduce generation of waste in our production and service processes. We will determine the properties of applications that minimize the use of Natural Resources. Continuous improvement we are conducting studies to reduce our carbon footprint. In accordance with nature, at each step, we believe that creates long-term value for both our organization and the community.<\/div>\n    <\/div><div class=\"vc_empty_space\"   style=\"height: 32px\"><span class=\"vc_empty_space_inner\"><\/span><\/div><div id=\"ct-heading-4\" class=\"ct-heading layout1 align-left align-left-md align-left-sm align-left-xs  desc-active\">\n    <div class=\"ct-inline-css\"  data-css=\"                    @media (min-width: 991px) and (max-width: 1199px) {                #ct-heading-4 .ct-heading-tag {                                            font-size: 35px !important;                                                                line-height: 45px !important;                                    }            }                            @media (min-width: 768px) and (max-width: 991px) {                #ct-heading-4 .ct-heading-tag {                                            font-size: 35px !important;                                                                line-height: 45px !important;                                    }            }                            @media screen and (max-width: 767px) {                #ct-heading-4 .ct-heading-tag {                                            font-size: 35px !important;                                                                line-height: 45px !important;                                    }            }                \">\n    <\/div>\n\n    \n    <h3 class=\"ct-heading-tag\" style=\"font-size:35px;line-height:45px;font-weight:600; \">\n                                    Social Sustainability                        <\/h3>\n\n            <div class=\"ct-heading-desc\" >Asel Group, a human-oriented approach with employees, customers and aims at adding value to business partners. In this line:<\/p>\n<p>Fair, transparent and safe working environments we create.<\/p>\n<p>We are investing in our employees that supports the development of educational and career programs.<\/p>\n<p>We support Social Responsibility projects that contribute positively to society.<\/p>\n<p>We believe this is one of the most important aspects to improve the sustainability of social welfare.<\/div>\n    <\/div><div id=\"ct-space-69e4e0e1d3b30\">\n\t<div class=\"ct-space\"><\/div>\n\t<div class=\"ct-inline-css\"  data-css=\"\t\t\t\t\t@media screen and (min-width: 1200px) {\t\t\t\t#ct-space-69e4e0e1d3b30 .ct-space {\t\t\t\t\theight: 20px;\t\t\t\t}\t\t\t}\t\t\t\t\t\t\t@media (min-width: 992px) and (max-width: 1199px) {\t\t\t\t#ct-space-69e4e0e1d3b30 .ct-space {\t\t\t\t\theight: 20px;\t\t\t\t}\t\t\t}\t\t\t\t\t\t\t@media (min-width: 768px) and (max-width: 991px) {\t\t\t\t#ct-space-69e4e0e1d3b30 .ct-space {\t\t\t\t\theight: 20px;\t\t\t\t}\t\t\t}\t\t\t\t\t\t\t@media screen and (max-width: 767px) {\t\t\t\t#ct-space-69e4e0e1d3b30 .ct-space {\t\t\t\t\theight: 20px;\t\t\t\t}\t\t\t}\t\t\">\n    <\/div>\n<\/div><div id=\"ct-space-69e4e0e1d3e02\">\n\t<div class=\"ct-space\"><\/div>\n\t<div class=\"ct-inline-css\"  data-css=\"\t\t\t\t\t@media screen and (min-width: 1200px) {\t\t\t\t#ct-space-69e4e0e1d3e02 .ct-space {\t\t\t\t\theight: 110px;\t\t\t\t}\t\t\t}\t\t\t\t\t\t\t@media (min-width: 992px) and (max-width: 1199px) {\t\t\t\t#ct-space-69e4e0e1d3e02 .ct-space {\t\t\t\t\theight: 110px;\t\t\t\t}\t\t\t}\t\t\t\t\t\t\t@media (min-width: 768px) and (max-width: 991px) {\t\t\t\t#ct-space-69e4e0e1d3e02 .ct-space {\t\t\t\t\theight: 60px;\t\t\t\t}\t\t\t}\t\t\t\t\t\t\t@media screen and (max-width: 767px) {\t\t\t\t#ct-space-69e4e0e1d3e02 .ct-space {\t\t\t\t\theight: 60px;\t\t\t\t}\t\t\t}\t\t\">\n    <\/div>\n<\/div><\/div><\/div><\/div><\/div><div class=\"vc_row-full-width vc_clearfix\"><\/div><div data-vc-full-width=\"true\" data-vc-full-width-temp=\"true\" data-vc-full-width-init=\"false\" data-vc-parallax=\"1.2\" class=\"vc_row wpb_row vc_row-fluid vc_custom_1764543027030 vc_row-has-fill vc_general vc_parallax vc_parallax-content-moving bg-image-ps-right\"><div class=\"wpb_column vc_column_container vc_col-sm-12 vc_col-lg-6 vc_col-md-6 rm-padding-lg bg-image-cl-ps-inherit\"><div class=\"vc_column-inner vc_custom_1573059637987\"><div class=\"wpb_wrapper\"><div id=\"ct-heading-5\" class=\"ct-heading layout1 align-left align-left-md align-left-sm align-left-xs  desc-active\">\n    <div class=\"ct-inline-css\"  data-css=\"                    @media (min-width: 991px) and (max-width: 1199px) {                #ct-heading-5 .ct-heading-tag {                                            font-size: 35px !important;                                                                line-height: 45px !important;                                    }            }                            @media (min-width: 768px) and (max-width: 991px) {                #ct-heading-5 .ct-heading-tag {                                            font-size: 35px !important;                                                                line-height: 45px !important;                                    }            }                            @media screen and (max-width: 767px) {                #ct-heading-5 .ct-heading-tag {                                            font-size: 35px !important;                                                                line-height: 45px !important;                                    }            }                \">\n    <\/div>\n\n    \n    <h3 class=\"ct-heading-tag\" style=\"font-size:35px;line-height:45px;font-weight:600; \">\n                                    Economic Sustainability                        <\/h3>\n\n            <div class=\"ct-heading-desc\" >Sustainable growth with the goal of moving Asel Group:<\/p>\n<p>Long-term investments that create value.<\/p>\n<p>Innovative technologies and business processes.<\/p>\n<p>Consistently improves productivity and quality standards.<\/p>\n<p>Economic sustainability for both our stakeholders and our customers to give confidence to a strong institutional basis for the structure we see.<\/div>\n    <\/div><div id=\"ct-heading-6\" class=\"ct-heading layout1 align-left align-left-md align-left-sm align-left-xs  desc-active\">\n    <div class=\"ct-inline-css\"  data-css=\"                    @media (min-width: 991px) and (max-width: 1199px) {                #ct-heading-6 .ct-heading-tag {                                            font-size: 35px !important;                                                                line-height: 45px !important;                                    }            }                            @media (min-width: 768px) and (max-width: 991px) {                #ct-heading-6 .ct-heading-tag {                                            font-size: 35px !important;                                                                line-height: 45px !important;                                    }            }                            @media screen and (max-width: 767px) {                #ct-heading-6 .ct-heading-tag {                                            font-size: 35px !important;                                                                line-height: 45px !important;                                    }            }                \">\n    <\/div>\n\n    \n    <h3 class=\"ct-heading-tag\" style=\"font-size:35px;line-height:45px;font-weight:600; \">\n                                    Our Vision For The Future                        <\/h3>\n\n            <div class=\"ct-heading-desc\" >Awareness of the sustainability of all our business processes by integrating our goal, not only today, by thinking about the future is to move. Environmentally conscious, socially responsible and economically by establishing a structure that is strong, we aim to leave a better world for future generations.<\/p>\n<p>Asel group; as in \u201cresponsible production, efficient utilization and value-added in the future\u201d we are continuing our journey with the determination of the principles of sustainability.<\/div>\n    <\/div><\/div><\/div><\/div><div class=\"wpb_column vc_column_container vc_col-sm-12 vc_col-lg-6 vc_col-md-6 rm-padding-lg bg-image-cl-ps-inherit\"><div class=\"vc_column-inner vc_custom_1573154355815\"><div class=\"wpb_wrapper\">\n\t<div  class=\"wpb_single_image wpb_content_element vc_align_center wpb_content_element image_align_xs_center image_align_sm_center\">\n\t\t\n\t\t<figure class=\"wpb_wrapper vc_figure\">\n\t\t\t<div class=\"vc_single_image-wrapper   vc_box_border_grey\"><img loading=\"lazy\" decoding=\"async\" width=\"640\" height=\"483\" src=\"https:\/\/aselgroup.com.tr\/wp-content\/uploads\/2025\/11\/Gemini_Generated_Image_fwusbdfwusbdfwus-1-e1764542826405.png\" class=\"vc_single_image-img attachment-large\" alt=\"\" title=\"Sustainability\" srcset=\"https:\/\/aselgroup.com.tr\/wp-content\/uploads\/2025\/11\/Gemini_Generated_Image_fwusbdfwusbdfwus-1-e1764542826405.png 1024w, https:\/\/aselgroup.com.tr\/wp-content\/uploads\/2025\/11\/Gemini_Generated_Image_fwusbdfwusbdfwus-1-e1764542826405-300x226.png 300w, https:\/\/aselgroup.com.tr\/wp-content\/uploads\/2025\/11\/Gemini_Generated_Image_fwusbdfwusbdfwus-1-e1764542826405-768x580.png 768w, https:\/\/aselgroup.com.tr\/wp-content\/uploads\/2025\/11\/Gemini_Generated_Image_fwusbdfwusbdfwus-1-e1764542826405-600x453.png 600w\" sizes=\"auto, (max-width: 640px) 100vw, 640px\" \/><\/div>\n\t\t<\/figure>\n\t<\/div>\n<div id=\"ct-space-69e4e0e1d5013\">\n\t<div class=\"ct-space\"><\/div>\n\t<div class=\"ct-inline-css\"  data-css=\"\t\t\t\t\t@media screen and (min-width: 1200px) {\t\t\t\t#ct-space-69e4e0e1d5013 .ct-space {\t\t\t\t\theight: 30px;\t\t\t\t}\t\t\t}\t\t\t\t\t\t\t@media (min-width: 992px) and (max-width: 1199px) {\t\t\t\t#ct-space-69e4e0e1d5013 .ct-space {\t\t\t\t\theight: 30px;\t\t\t\t}\t\t\t}\t\t\t\t\t\t\t@media (min-width: 768px) and (max-width: 991px) {\t\t\t\t#ct-space-69e4e0e1d5013 .ct-space {\t\t\t\t\theight: 30px;\t\t\t\t}\t\t\t}\t\t\t\t\t\t\t@media screen and (max-width: 767px) {\t\t\t\t#ct-space-69e4e0e1d5013 .ct-space {\t\t\t\t\theight: 20px;\t\t\t\t}\t\t\t}\t\t\">\n    <\/div>\n<\/div><div id=\"ct-space-69e4e0e1d52e2\">\n\t<div class=\"ct-space\"><\/div>\n\t<div class=\"ct-inline-css\"  data-css=\"\t\t\t\t\t@media screen and (min-width: 1200px) {\t\t\t\t#ct-space-69e4e0e1d52e2 .ct-space {\t\t\t\t\theight: 20px;\t\t\t\t}\t\t\t}\t\t\t\t\t\t\t@media (min-width: 992px) and (max-width: 1199px) {\t\t\t\t#ct-space-69e4e0e1d52e2 .ct-space {\t\t\t\t\theight: 20px;\t\t\t\t}\t\t\t}\t\t\t\t\t\t\t@media (min-width: 768px) and (max-width: 991px) {\t\t\t\t#ct-space-69e4e0e1d52e2 .ct-space {\t\t\t\t\theight: 20px;\t\t\t\t}\t\t\t}\t\t\t\t\t\t\t@media screen and (max-width: 767px) {\t\t\t\t#ct-space-69e4e0e1d52e2 .ct-space {\t\t\t\t\theight: 20px;\t\t\t\t}\t\t\t}\t\t\">\n    <\/div>\n<\/div><div id=\"ct-space-69e4e0e1d55a7\">\n\t<div class=\"ct-space\"><\/div>\n\t<div class=\"ct-inline-css\"  data-css=\"\t\t\t\t\t@media screen and (min-width: 1200px) {\t\t\t\t#ct-space-69e4e0e1d55a7 .ct-space {\t\t\t\t\theight: 110px;\t\t\t\t}\t\t\t}\t\t\t\t\t\t\t@media (min-width: 992px) and (max-width: 1199px) {\t\t\t\t#ct-space-69e4e0e1d55a7 .ct-space {\t\t\t\t\theight: 110px;\t\t\t\t}\t\t\t}\t\t\t\t\t\t\t@media (min-width: 768px) and (max-width: 991px) {\t\t\t\t#ct-space-69e4e0e1d55a7 .ct-space {\t\t\t\t\theight: 60px;\t\t\t\t}\t\t\t}\t\t\t\t\t\t\t@media screen and (max-width: 767px) {\t\t\t\t#ct-space-69e4e0e1d55a7 .ct-space {\t\t\t\t\theight: 60px;\t\t\t\t}\t\t\t}\t\t\">\n    <\/div>\n<\/div><\/div><\/div><\/div><\/div><div class=\"vc_row-full-width vc_clearfix\"><\/div>\n<\/div>","protected":false},"excerpt":{"rendered":"S\u00fcrd\u00fcr\u00fclebilirilik Asel Grup olarak, faaliyet g\u00f6sterdi\u011fimiz t\u00fcm sekt\u00f6rlerde s\u00fcrd\u00fcr\u00fclebilirlik yakla\u015f\u0131m\u0131n\u0131 sadece bir prensip de\u011fil, i\u015f modelimizin temel yap\u0131 ta\u015f\u0131 olarak benimsiyoruz. Gelece\u011fi \u015fekillendiren kurumlar\u0131n; \u00e7evreye duyarl\u0131, topluma katk\u0131 sa\u011flayan ve ekonomik olarak s\u00fcrd\u00fcr\u00fclebilir \u00e7\u00f6z\u00fcmler \u00fcreten yap\u0131lar olmas\u0131 gerekti\u011fine inan\u0131yoruz. Bu do\u011frultuda; kaynaklar\u0131m\u0131z\u0131 bilin\u00e7li kullan\u0131yor, yeni teknolojileri yak\u0131ndan takip ediyor ve her ad\u0131mda daha ya\u015fanabilir bir [...]","protected":false},"author":1,"featured_media":0,"parent":0,"menu_order":0,"comment_status":"closed","ping_status":"closed","template":"","meta":{"footnotes":""},"class_list":["post-3328","page","type-page","status-publish","hentry"],"_links":{"self":[{"href":"https:\/\/aselgroup.com.tr\/en\/wp-json\/wp\/v2\/pages\/3328","targetHints":{"allow":["GET"]}}],"collection":[{"href":"https:\/\/aselgroup.com.tr\/en\/wp-json\/wp\/v2\/pages"}],"about":[{"href":"https:\/\/aselgroup.com.tr\/en\/wp-json\/wp\/v2\/types\/page"}],"author":[{"embeddable":true,"href":"https:\/\/aselgroup.com.tr\/en\/wp-json\/wp\/v2\/users\/1"}],"replies":[{"embeddable":true,"href":"https:\/\/aselgroup.com.tr\/en\/wp-json\/wp\/v2\/comments?post=3328"}],"version-history":[{"count":16,"href":"https:\/\/aselgroup.com.tr\/en\/wp-json\/wp\/v2\/pages\/3328\/revisions"}],"predecessor-version":[{"id":3610,"href":"https:\/\/aselgroup.com.tr\/en\/wp-json\/wp\/v2\/pages\/3328\/revisions\/3610"}],"wp:attachment":[{"href":"https:\/\/aselgroup.com.tr\/en\/wp-json\/wp\/v2\/media?parent=3328"}],"curies":[{"name":"wp","href":"https:\/\/api.w.org\/{rel}","templated":true}]}}