{"id":3337,"date":"2025-10-15T13:40:54","date_gmt":"2025-10-15T13:40:54","guid":{"rendered":"https:\/\/aselgroup.com.tr\/?page_id=3337"},"modified":"2025-12-11T22:26:54","modified_gmt":"2025-12-11T22:26:54","slug":"insan-kaynaklari","status":"publish","type":"page","link":"https:\/\/aselgroup.com.tr\/en\/insan-kaynaklari\/","title":{"rendered":"Human Resources"},"content":{"rendered":"<div class=\"wpb-content-wrapper\"><div class=\"vc_row wpb_row vc_row-fluid bg-image-ps-inherit\"><div class=\"wpb_column vc_column_container vc_col-sm-6 bg-image-cl-ps-inherit\"><div class=\"vc_column-inner\"><div class=\"wpb_wrapper\">\n\t<div class=\"wpb_text_column wpb_content_element\" >\n\t\t<div class=\"wpb_wrapper\">\n\t\t\t<div data-uniq='69e4e0bfb6a9e' class='uniq-69e4e0bfb6a9e formcraft-css form-live align-left'><script> window.formcraftLogic = window.formcraftLogic || {}; window.formcraftLogic[1] = []; <\/script><div class=\"fc-pagination-cover fc-pagination-1\">\n\t\t\t\t<div class=\"fc-pagination width-100\">\n\t\t\t\t\t<!-- ngRepeat: page in Builder.FormElements track by $index --><div class=\"pagination-trigger\" data-index=\"0\">\n\t\t\t\t\t\t<span class=\"page-number\"><span >1<\/span><\/span>\n\t\t\t\t\t\t<span class=\"page-name\">Step 1<\/span>\n\t\t\t\t\t\t\n\t\t\t\t\t<\/div><!-- end ngRepeat: page in Builder.FormElements track by $index -->\n\t\t\t\t<\/div>\n\t\t\t<\/div>\n\t\t\t\n\t\t\t<style scoped=\"scoped\" >\n\t\t\t@media (max-width : 480px) {\n\t\t\t\t.fc_modal-dialog-1 .fc-pagination-cover .fc-pagination\n\t\t\t\t{\n\t\t\t\t\tbackground-color: white !important;\n\t\t\t\t}\n\t\t\t}\n\t\t\t\t\t\t.formcraft-css .fc-form.fc-form-1 .form-element .submit-cover .submit-button,\n\t\t\t.formcraft-css .fc-form.fc-form-1 .form-element .fileupload-cover .button-file,\n\t\t\t.formcraft-css .fc-form.fc-form-1 .form-element .field-cover .button,\n\t\t\t.formcraft-datepicker .ui-datepicker-header,\n\t\t\t.formcraft-datepicker .ui-datepicker-title\n\t\t\t{\n\t\t\t\tbackground: #4488ee;\n\t\t\t\tcolor: #fff;\n\t\t\t}\n\t\t\t.formcraft-datepicker td .ui-state-active,\n\t\t\t.formcraft-datepicker td .ui-state-hover,\n\t\t\t.formcraft-css .fc-form.fc-form-1 .form-element .slider-cover .ui-slider-range\n\t\t\t{\n\t\t\t\tbackground: #4488ee;\n\t\t\t}\n\t\t\t#ui-datepicker-div.formcraft-datepicker .ui-datepicker-header,\n\t\t\t.formcraft-css .fc-form .field-cover>div.full hr\n\t\t\t{\n\t\t\t\tborder-color: #3b77d1;\n\t\t\t}\n\t\t\t#ui-datepicker-div.formcraft-datepicker .ui-datepicker-prev:hover,\n\t\t\t#ui-datepicker-div.formcraft-datepicker .ui-datepicker-next:hover,\n\t\t\t#ui-datepicker-div.formcraft-datepicker select.ui-datepicker-month:hover,\n\t\t\t#ui-datepicker-div.formcraft-datepicker select.ui-datepicker-year:hover\n\t\t\t{\n\t\t\t\tbackground-color: #3b77d1;\n\t\t\t}\n\t\t\t.formcraft-css .fc-pagination>div.active .page-number,\n\t\t\t.formcraft-css .form-cover-builder .fc-pagination>div:first-child .page-number\n\t\t\t{\n\t\t\t\tbackground-color: #4488ee;\n\t\t\t\tcolor: #fff;\n\t\t\t}\n\t\t\t#ui-datepicker-div.formcraft-datepicker table.ui-datepicker-calendar th,\n\t\t\t#ui-datepicker-div.formcraft-datepicker table.ui-datepicker-calendar td.ui-datepicker-today a,\n\t\t\t.formcraft-css .fc-form.fc-form-1 .form-element .star-cover label,\n\t\t\thtml .formcraft-css .fc-form.label-floating .form-element .field-cover.has-focus>span,\n\t\t\t.formcraft-css .fc-form.fc-form-1 .form-element .customText-cover a,\n\t\t\t.formcraft-css .prev-next>div span:hover\n\t\t\t{\n\t\t\t\tcolor: #4488ee;\n\t\t\t}\n\t\t\t.formcraft-css .fc-form.fc-form-1 .form-element .customText-cover a:hover\n\t\t\t{\n\t\t\t\tcolor: #3b77d1;\n\t\t\t}\n\t\t\thtml .formcraft-css .fc-form.fc-form-1.label-floating .form-element .field-cover > span\n\t\t\t{\n\t\t\t\tcolor: #666666;\n\t\t\t}\n\t\t\thtml .formcraft-css .fc-form .final-success .final-success-check {\n\t\t\t\tborder: 2px solid #666666;\n\t\t\t}\n\t\t\t.formcraft-css .fc-form.fc-form-1 .form-element .field-cover input[type=\"text\"],\n\t\t\t.formcraft-css .fc-form.fc-form-1 .form-element .field-cover input[type=\"email\"],\n\t\t\t.formcraft-css .fc-form.fc-form-1 .form-element .field-cover input[type=\"password\"],\n\t\t\t.formcraft-css .fc-form.fc-form-1 .form-element .field-cover input[type=\"tel\"],\n\t\t\t.formcraft-css .fc-form.fc-form-1 .form-element .field-cover textarea,\n\t\t\t.formcraft-css .fc-form.fc-form-1 .form-element .field-cover select,\n\t\t\t.formcraft-css .fc-form.fc-form-1 .form-element .field-cover .time-fields-cover,\n\t\t\t.formcraft-css .fc-form.fc-form-1 .form-element .field-cover .awesomplete ul\n\t\t\t{\n\t\t\t\tcolor: #777;\n\t\t\t}\n\t\t\t.formcraft-css .fc-form.fc-form-1 .form-element .field-cover input[type=\"text\"],\n\t\t\t.formcraft-css .fc-form.fc-form-1 .form-element .field-cover input[type=\"password\"],\n\t\t\t.formcraft-css .fc-form.fc-form-1 .form-element .field-cover input[type=\"email\"],\n\t\t\t.formcraft-css .fc-form.fc-form-1 .form-element .field-cover input[type=\"radio\"],\n\t\t\t.formcraft-css .fc-form.fc-form-1 .form-element .field-cover input[type=\"checkbox\"],\n\t\t\t.formcraft-css .fc-form.fc-form-1 .form-element .field-cover input[type=\"tel\"],\n\t\t\t.formcraft-css .fc-form.fc-form-1 .form-element .field-cover select,\n\t\t\t.formcraft-css .fc-form.fc-form-1 .form-element .field-cover textarea\n\t\t\t{\n\t\t\t\tbackground-color: #fafafa;\n\t\t\t}\n\t\t\t.formcraft-css .fc-form.fc-form-1 .form-element .field-cover input[type=\"radio\"]:checked,\n\t\t\t.formcraft-css .fc-form.fc-form-1 .form-element .field-cover input[type=\"checkbox\"]:checked {\n\t\t\t\tborder-color: #3b77d1;\n\t\t\t\tbackground: #4488ee;\t\t\t\t\n\t\t\t}\n\t\t\t.formcraft-css .fc-form.fc-form-1 .form-element .star-cover label .star\n\t\t\t{\n\t\t\t\ttext-shadow: 0px 1px 0px #3b77d1;\n\t\t\t}\n\t\t\t.formcraft-css .fc-form.fc-form-1 .form-element .slider-cover .ui-slider-range\n\t\t\t{\n\t\t\t\tbox-shadow: 0px 1px 1px #3b77d1 inset;\n\t\t\t}\n\t\t\t.formcraft-css .fc-form.fc-form-1 .form-element .fileupload-cover .button-file\n\t\t\t{\n\t\t\t\tborder-color: #3b77d1;\n\t\t\t}\n\t\t\t.formcraft-css .fc-form.fc-form-1 .form-element .form-element-html input[type=\"password\"]:focus,\n\t\t\t.formcraft-css .fc-form.fc-form-1 .form-element .form-element-html input[type=\"email\"]:focus,\n\t\t\t.formcraft-css .fc-form.fc-form-1 .form-element .form-element-html input[type=\"tel\"]:focus,\n\t\t\t.formcraft-css .fc-form.fc-form-1 .form-element .form-element-html input[type=\"text\"]:focus,\n\t\t\t.formcraft-css .fc-form.fc-form-1 .form-element .form-element-html textarea:focus,\n\t\t\t.formcraft-css .fc-form.fc-form-1 .form-element .form-element-html select:focus\n\t\t\t{\n\t\t\t\tborder-color: #4488ee;\n\t\t\t}\n\t\t\t.formcraft-css .fc-form.fc-form-1 .form-element .form-element-html .field-cover .is-read-only:focus {\n\t\t\t\tborder-color: #ccc;\n\t\t\t}\n\t\t\t.formcraft-css .fc-form.fc-form-1\t\t\t{\n\t\t\t\tfont-family: inherit;\n\t\t\t}\n\t\t\t@media (max-width : 480px) {\n\t\t\t\thtml .dedicated-page,\n\t\t\t\thtml .dedicated-page .formcraft-css .fc-pagination > div.active\n\t\t\t\t{\n\t\t\t\t\tbackground: white;\n\t\t\t\t}\n\t\t\t}\n\t\t<\/style>\n\t\t<div class=\"form-cover\">\n\t\t\t<form data-auto-scroll=\"true\" data-no-message-redirect=\"\" data-thousand=\"\" data-decimal=\".\" data-delay=\"\" data-id=\"1\" class=\"fc-form fc-form-1 align- fc-temp-class save-form- dont-submit-hidden- remove-asterisk- icons-hide- disable-enter- label-placeholder field-border-visible frame-visible field-alignment-left\" style=\"width: %90; color: #666666; font-size: 100%; background: white\" action=\"\">\n\t\t\t\t<!-- ngRepeat: page in Builder.FormElements track by $index --><div class=\"form-page form-page-0\" data-index=\"0\">\n\t\t\t\t\t\n\t\t\t\t\t<div class=\"form-page-content      ng-not-empty\">\n\t\t\t\t\t\t<div data-identifier=\"field10\" data-index=\"0\" style=\"width: 100%\" class=\"form-element form-element-field10 options-false form-element-0 default-false form-element-type-customText is-required-false odd -handle\">\n\t\t\t\t\t\t\t<div class=\"form-element-html\"><div ><div class=\"absolute-false customText-cover field-cover\" style=\"left: ; top: ;right: ;bottom: ;color: #666666 !important; background-color:\"><div class=\"full\" style=\"text-align: left\"><p >\u200b<\/p><div style=\"text-align: center\" ><img decoding=\"async\" src=\"https:\/\/aselgroup.com.tr\/wp-content\/uploads\/2025\/11\/aselgroup-logo-w.png\" style=\"width: 50%\"><\/div><\/div><input type=\"hidden\" name=\"field10\" data-field-id=\"field10\" wfd-id=\"id117\"><\/div><\/div><\/div>\n\t\t\t\t\t\t\t\n\t\t\t\t\t\t<\/div><div data-identifier=\"field1\" data-index=\"1\" style=\"width: 100%\" class=\"even form-element form-element-field1 options-false form-element-1 default-false form-element-type-heading is-required-false -handle\">\n\t\t\t\t\t\t\t<div class=\"form-element-html\"><div ><div style=\"background-color:\" class=\"heading-cover field-cover\"><div style=\"text-align: center; font-size: 1.5em; padding-top: ; padding-bottom: ; color:\" class=\"bold-true\"><span >Contact Form<\/span><\/div><input type=\"hidden\" data-field-id=\"field1\" name=\"field1[]\" value=\"\u0130leti\u015fim Formu\" wfd-id=\"id134\"><\/div><\/div><\/div>\n\t\t\t\t\t\t\t\n\t\t\t\t\t\t<\/div><div data-identifier=\"field7\" data-index=\"2\" style=\"width: 100%\" class=\"form-element form-element-field7 options-false form-element-2 default-false form-element-type-heading is-required-false odd -handle\">\n\t\t\t\t\t\t\t<div class=\"form-element-html\"><div ><div style=\"background-color:\" class=\"heading-cover field-cover\"><div style=\"text-align: center; font-size: 1.0999999999999996em; padding-top: ; padding-bottom: ; color:\" class=\"bold-\"><span >Any questions, offer to cooperate or to request support, you can contact us. We're here to ensure that they return back to you as soon as possible.<\/span><\/div><input type=\"hidden\" data-field-id=\"field7\" name=\"field7[]\" value=\"Her t\u00fcrl\u00fc soru, i\u015f birli\u011fi teklifi veya destek talebi i\u00e7in bize ula\u015fabilirsiniz. Size en k\u0131sa s\u00fcrede geri d\u00f6n\u00fc\u015f sa\u011flamak i\u00e7in buraday\u0131z.\" wfd-id=\"id150\"><\/div><\/div><\/div>\n\t\t\t\t\t\t\t\n\t\t\t\t\t\t<\/div><div data-identifier=\"field3\" data-index=\"3\" style=\"width: 100%\" class=\"even form-element form-element-field3 options-false form-element-3 default-false form-element-type-oneLineText is-required-true -handle\">\n\t\t\t\t\t\t\t<div class=\"form-element-html\"><div ><label class=\"oneLineText-cover field-cover\"><span class=\"sub-label-true\"><span class=\"main-label\"><span >Full Name<\/span><\/span><span class=\"sub-label\"><span >your full name<\/span><\/span><\/span><div><span class=\"error\"><\/span><input type=\"text\" placeholder=\"Full Name\" make-read-only=\"false\" data-field-id=\"field3\" name=\"field3[]\" data-min-char=\"\" data-max-char=\"\" data-val-type=\"\" data-regexp=\"\" data-is-required=\"true\" data-allow-spaces=\"\" class=\"validation-lenient\" data-placement=\"right\" data-toggle=\"tooltip\" tooltip=\"\" data-trigger=\"focus\" data-html=\"true\" data-input-mask=\"\" data-mask-placeholder=\"\" data-original-title=\"\" wfd-id=\"id166\"><i class=\"formcraft-icon formcraft-icon-type-\"><\/i><\/div><\/label><\/div><\/div>\n\t\t\t\t\t\t\t\n\t\t\t\t\t\t<\/div><div data-identifier=\"field5\" data-index=\"4\" style=\"width: 100%\" class=\"form-element form-element-field5 options-false form-element-4 default-false form-element-type-oneLineText is-required-true odd -handle\">\n\t\t\t\t\t\t\t<div class=\"form-element-html\"><div ><label class=\"oneLineText-cover field-cover\"><span class=\"sub-label-true\"><span class=\"main-label\"><span >Your phone<\/span><\/span><span class=\"sub-label\"><span >your full name<\/span><\/span><\/span><div><span class=\"error\"><\/span><input type=\"text\" placeholder=\"Your phone\" make-read-only=\"false\" data-field-id=\"field5\" name=\"field5[]\" data-min-char=\"10\" data-max-char=\"13\" data-val-type=\"numbers\" data-regexp=\"\" data-is-required=\"true\" data-allow-spaces=\"\" class=\"validation-lenient\" data-placement=\"right\" data-toggle=\"tooltip\" tooltip=\"\" data-trigger=\"focus\" data-html=\"true\" data-input-mask=\"\" data-mask-placeholder=\"\" data-original-title=\"\" wfd-id=\"id181\"><i class=\"formcraft-icon formcraft-icon-type-\"><\/i><\/div><\/label><\/div><\/div>\n\t\t\t\t\t\t\t\n\t\t\t\t\t\t<\/div><div data-identifier=\"field4\" data-index=\"5\" style=\"width: 100%\" class=\"even form-element form-element-field4 options-false form-element-5 default-false form-element-type-oneLineText is-required-true -handle\">\n\t\t\t\t\t\t\t<div class=\"form-element-html\"><div ><label class=\"oneLineText-cover field-cover\"><span class=\"sub-label-true\"><span class=\"main-label\"><span >E-Mail Address<\/span><\/span><span class=\"sub-label\"><span >your full name<\/span><\/span><\/span><div><span class=\"error\"><\/span><input type=\"text\" placeholder=\"E-Mail Address\" make-read-only=\"false\" data-field-id=\"field4\" name=\"field4[]\" data-min-char=\"\" data-max-char=\"\" data-val-type=\"\" data-regexp=\"\" data-is-required=\"true\" data-allow-spaces=\"\" class=\"validation-lenient\" data-placement=\"right\" data-toggle=\"tooltip\" tooltip=\"\" data-trigger=\"focus\" data-html=\"true\" data-input-mask=\"\" data-mask-placeholder=\"\" data-original-title=\"\" wfd-id=\"id196\"><i class=\"formcraft-icon formcraft-icon-type-\"><\/i><\/div><\/label><\/div><\/div>\n\t\t\t\t\t\t\t\n\t\t\t\t\t\t<\/div><div data-identifier=\"field17\" data-index=\"6\" style=\"width: 100%\" class=\"form-element form-element-field17 form-element-6 default-false form-element-type-checkbox is-required-true odd -handle options-false\">\n\t\t\t\t\t\t\t<div class=\"form-element-html\"><div ><div class=\"images- checkbox-cover field-cover\"><span class=\"sub-label-false\"><span class=\"main-label\"><span >To Connect Istetdig Companies<\/span><\/span><span class=\"sub-label\"><\/span><\/span><div data-placement=\"right\" data-toggle=\"tooltip\" tooltip=\"\" data-trigger=\"hover\" data-html=\"true\" data-original-title=\"\"><span class=\"error\"><\/span><label style=\"width:\" ><img alt=\"\"><input data-field-id=\"field17\" type=\"checkbox\" data-is-required=\"true\" name=\"field17[]\" value=\"Asel Enerji\" class=\"validation-lenient\" wfd-id=\"id211\"><span><span >Asel Energy<\/span><\/span><\/label><label style=\"width:\" ><img alt=\"\"><input data-field-id=\"field17\" type=\"checkbox\" data-is-required=\"true\" name=\"field17[]\" value=\"Asel \u0130plik\" class=\"validation-lenient\" wfd-id=\"id212\"><span><span >Asel Thread<\/span><\/span><\/label><label style=\"width:\" ><img alt=\"\"><input data-field-id=\"field17\" type=\"checkbox\" data-is-required=\"true\" name=\"field17[]\" value=\"Asel Mop\" class=\"validation-lenient\" wfd-id=\"id213\"><span><span >Asel Mop<\/span><\/span><\/label><label style=\"width:\" ><img alt=\"\"><input data-field-id=\"field17\" type=\"checkbox\" data-is-required=\"true\" name=\"field17[]\" value=\"Lesa End\u00fcstriyel\" class=\"validation-lenient\" wfd-id=\"id214\"><span><span >Lesa Industrial<\/span><\/span><\/label><label style=\"width:\" ><img alt=\"\"><input data-field-id=\"field17\" type=\"checkbox\" data-is-required=\"true\" name=\"field17[]\" value=\"Saytex Kuma\u015f\" class=\"validation-lenient\" wfd-id=\"id215\"><span><span >Saytex Fabric<\/span><\/span><\/label><label style=\"width:\" ><img alt=\"\"><input data-field-id=\"field17\" type=\"checkbox\" data-is-required=\"true\" name=\"field17[]\" value=\"Umut Harfiyat\" class=\"validation-lenient\" wfd-id=\"id216\"><span><span >Umut Excavation<\/span><\/span><\/label><\/div><\/div><\/div><\/div>\n\t\t\t\t\t\t\t\n\t\t\t\t\t\t<\/div><div data-identifier=\"field12\" data-index=\"7\" style=\"width: 100%\" class=\"even form-element form-element-field12 options-false form-element-7 default-false form-element-type-textarea is-required-false -handle\">\n\t\t\t\t\t\t\t<div class=\"form-element-html\"><div ><label class=\"textarea-cover field-cover\"><span class=\"sub-label-true\"><span class=\"main-label\"><span >Your message<\/span><\/span><span class=\"sub-label\"><span >more details<\/span><\/span><\/span><div><span class=\"error\"><\/span><textarea data-field-id=\"field12\" placeholder=\"Your message\" class=\"validation-lenient\" name=\"field12\" value=\"\" rows=\"3\" data-min-char=\"\" data-max-char=\"\" data-is-required=\"false\" data-placement=\"right\" data-toggle=\"tooltip\" tooltip=\"\" data-trigger=\"focus\" data-html=\"true\" data-original-title=\"\" style=\"min-height: 74px\"><\/textarea><div class=\"count-\"><span class=\"current-count\">0<\/span> \/ <span class=\"max-count\"><\/span><\/div><\/div><\/label><\/div><\/div>\n\t\t\t\t\t\t\t\n\t\t\t\t\t\t<\/div><div data-identifier=\"field13\" data-index=\"8\" style=\"width: 100%\" class=\"form-element form-element-field13 options-false form-element-8 default-false form-element-type-submit is-required-false odd -handle\">\n\t\t\t\t\t\t\t<div class=\"form-element-html\"><div ><div class=\"align-center wide-true submit-cover field-cover\"><button type=\"submit\" class=\"button submit-button\"><span class=\"text\">Send<\/span><span class=\"spin-cover\"><i style=\"color:\" class=\"loading-icon icon-cog animate-spin\"><\/i><\/span><\/button><\/div><div class=\"submit-response\"><\/div><label ><input type=\"text\" class=\"required_field\" name=\"website\" autocomplete=\"maple-syrup-pot\" wfd-id=\"id238\"><\/label><\/div><\/div>\n\t\t\t\t\t\t\t\n\t\t\t\t\t\t<\/div>\n\t\t\t\t\t<\/div>\n\t\t\t\t<\/div><!-- end ngRepeat: page in Builder.FormElements track by $index -->\n\t\t\t<input type=\"hidden\" name=\"trp-form-language\" value=\"en\"\/><\/form>\n\t\t\t<div class=\"prev-next prev-next-1\" style=\"width: %90; color: #666666; font-size: 100%; background: white\">\n\t\t\t\t<div>\n\t\t\t\t\t\n\t\t\t\t\t<span class=\"inactive page-prev\"><i class=\"formcraft-icon\">keyboard_arrow_left<\/i>Previous<\/span><\/div>\n\t\t\t\t<div>\n\t\t\t\t\t\n\t\t\t\t\t<span class=\"page-next\">Next<i class=\"formcraft-icon\">keyboard_arrow_right<\/i><\/span><\/div>\n\t\t\t<\/div>\n\t\t<\/div><\/div>\n\n\t\t<\/div>\n\t<\/div>\n<\/div><\/div><\/div><div class=\"wpb_column vc_column_container vc_col-sm-6 bg-image-cl-ps-inherit\"><div class=\"vc_column-inner\"><div class=\"wpb_wrapper\">\n\t<div class=\"wpb_text_column wpb_content_element\" >\n\t\t<div class=\"wpb_wrapper\">\n\t\t\t<h2 data-start=\"119\" data-end=\"142\"><strong data-start=\"122\" data-end=\"142\">Human Resources<\/strong><\/h2>\n<p data-start=\"144\" data-end=\"511\">Asel, as a group, on the basis of our success is people-oriented work culture that we acknowledge. Our employees are not only the work force, not the power to shape our future and we consider our organization's most valuable resource. Therefore, fair, transparent, development, support and create a safe working environment, we place the center of our human resources policy.<\/p>\n<h3 data-start=\"513\" data-end=\"544\"><strong data-start=\"517\" data-end=\"544\">Employee-Oriented Approach<\/strong><\/h3>\n<p data-start=\"545\" data-end=\"684\">Each employee of our knowledge, experience and skills are of great value to us. To allow you to develop themselves within their institution:<\/p>\n<ul>\n<li data-start=\"688\" data-end=\"728\">Training and career development programs<\/li>\n<li data-start=\"731\" data-end=\"781\">Performance and competency assessment processes,<\/li>\n<li data-start=\"784\" data-end=\"833\">Promotion and employment opportunities from internal sources<\/li>\n<\/ul>\n<p data-start=\"835\" data-end=\"874\">providing the continuous development we support.<\/p>\n<h3 data-start=\"876\" data-end=\"906\"><strong data-start=\"880\" data-end=\"906\">Fair and transparent management<\/strong><\/h3>\n<p data-start=\"907\" data-end=\"993\">In our business processes such as justice, equality and commitment to ethical values is essential. To all employees:<\/p>\n<ul>\n<li data-start=\"997\" data-end=\"1022\">Equal Opportunity Policy<\/li>\n<li data-start=\"1025\" data-end=\"1060\">Objective evaluation processes,<\/li>\n<li data-start=\"1063\" data-end=\"1094\">Transparent communication mechanisms<\/li>\n<\/ul>\n<p data-start=\"1096\" data-end=\"1155\">providing a work culture based on trust that we're creating.<\/p>\n<h3 data-start=\"1157\" data-end=\"1199\"><strong data-start=\"1161\" data-end=\"1199\">A safe and healthy working environment<\/strong><\/h3>\n<p data-start=\"1200\" data-end=\"1410\">Physical and psychological care about the safety of our employees, we apply the highest level of Occupational Health and safety standards. We offer a modern working conditions and a safe work environment through regular training.<\/p>\n<h3 data-start=\"1412\" data-end=\"1450\"><strong data-start=\"1416\" data-end=\"1450\">Team spirit and corporate loyalty<\/strong><\/h3>\n<p data-start=\"1451\" data-end=\"1730\">Asel since each person in the group can work in harmony, to create a corporate culture that you feel yourself worthy, communication, cooperation and team spirit we value. Employee loyalty that holds a strong corporate culture, corporate and employee satisfaction and our success increases.<\/p>\n<p><!-- \/wp:post-content --><\/p>\n<p><!-- wp:quote -->\u00a0<\/p>\n<p><!-- \/wp:quote -->\u00a0<\/p>\n\n\t\t<\/div>\n\t<\/div>\n<\/div><\/div><\/div><\/div><\/div>","protected":false},"excerpt":{"rendered":"1 Step 1 \u200b \u0130leti\u015fim Formu Her t\u00fcrl\u00fc soru, i\u015f birli\u011fi teklifi veya destek talebi i\u00e7in bize ula\u015fabilirsiniz. Size en k\u0131sa s\u00fcrede geri d\u00f6n\u00fc\u015f sa\u011flamak i\u00e7in buraday\u0131z. Adn\u0131z Soyad\u0131n\u0131zyour full name Telefonunuzyour full name E-Mail Adresinizyour full name \u0130leti\u015fime Ge\u00e7mek \u0130stetdi\u011finiz \u015eirketlerAsel EnerjiAsel \u0130plikAsel MopLesa End\u00fcstriyelSaytex Kuma\u015fUmut Harfiyat Mesaj\u0131n\u0131zmore details0 \/ G\u00f6nder keyboard_arrow_leftPrevious Nextkeyboard_arrow_right \u0130nsan [...]","protected":false},"author":1,"featured_media":0,"parent":0,"menu_order":0,"comment_status":"closed","ping_status":"open","template":"","meta":{"footnotes":""},"class_list":["post-3337","page","type-page","status-publish","hentry"],"_links":{"self":[{"href":"https:\/\/aselgroup.com.tr\/en\/wp-json\/wp\/v2\/pages\/3337","targetHints":{"allow":["GET"]}}],"collection":[{"href":"https:\/\/aselgroup.com.tr\/en\/wp-json\/wp\/v2\/pages"}],"about":[{"href":"https:\/\/aselgroup.com.tr\/en\/wp-json\/wp\/v2\/types\/page"}],"author":[{"embeddable":true,"href":"https:\/\/aselgroup.com.tr\/en\/wp-json\/wp\/v2\/users\/1"}],"replies":[{"embeddable":true,"href":"https:\/\/aselgroup.com.tr\/en\/wp-json\/wp\/v2\/comments?post=3337"}],"version-history":[{"count":4,"href":"https:\/\/aselgroup.com.tr\/en\/wp-json\/wp\/v2\/pages\/3337\/revisions"}],"predecessor-version":[{"id":3635,"href":"https:\/\/aselgroup.com.tr\/en\/wp-json\/wp\/v2\/pages\/3337\/revisions\/3635"}],"wp:attachment":[{"href":"https:\/\/aselgroup.com.tr\/en\/wp-json\/wp\/v2\/media?parent=3337"}],"curies":[{"name":"wp","href":"https:\/\/api.w.org\/{rel}","templated":true}]}}