{"id":3529,"date":"2019-09-01T09:24:01","date_gmt":"2019-09-01T09:24:01","guid":{"rendered":"https:\/\/aselgroup.com.tr\/?page_id=3529"},"modified":"2025-11-29T14:34:53","modified_gmt":"2025-11-29T14:34:53","slug":"misyon-vizyon","status":"publish","type":"page","link":"https:\/\/aselgroup.com.tr\/en\/misyon-vizyon\/","title":{"rendered":"Mission &amp; Vision"},"content":{"rendered":"<div class=\"wpb-content-wrapper\"><div class=\"vc_row wpb_row vc_row-fluid bg-image-ps-inherit\"><div class=\"wpb_column vc_column_container vc_col-sm-12 bg-image-cl-ps-inherit\"><div class=\"vc_column-inner\"><div class=\"wpb_wrapper\"><div class=\"vc_empty_space\"   style=\"height: 32px\"><span class=\"vc_empty_space_inner\"><\/span><\/div>\n\t<div class=\"wpb_text_column wpb_content_element\" >\n\t\t<div class=\"wpb_wrapper\">\n\t\t\t<h1 style=\"text-align: center;\">Asel Group<\/h1>\n\n\t\t<\/div>\n\t<\/div>\n<\/div><\/div><\/div><\/div><div data-vc-full-width=\"true\" data-vc-full-width-temp=\"true\" data-vc-full-width-init=\"false\" data-vc-parallax=\"1.2\" class=\"vc_row wpb_row vc_row-fluid vc_custom_1763981989591 vc_row-has-fill vc_general vc_parallax vc_parallax-content-moving bg-image-ps-right\"><div class=\"wpb_column vc_column_container vc_col-sm-12 vc_col-lg-6 vc_col-md-6 rm-padding-lg bg-image-cl-ps-inherit\"><div class=\"vc_column-inner vc_custom_1573059637987\"><div class=\"wpb_wrapper\">\n\t<div  class=\"wpb_single_image wpb_content_element vc_align_center wpb_content_element image_align_xs_center image_align_sm_center\">\n\t\t\n\t\t<figure class=\"wpb_wrapper vc_figure\">\n\t\t\t<div class=\"vc_single_image-wrapper   vc_box_border_grey\"><img loading=\"lazy\" decoding=\"async\" width=\"640\" height=\"356\" src=\"https:\/\/aselgroup.com.tr\/wp-content\/uploads\/2025\/11\/Gemini_Generated_Image_8yybk38yybk38yyb-1024x569.png\" class=\"vc_single_image-img attachment-large\" alt=\"\" title=\"Our mission\" srcset=\"https:\/\/aselgroup.com.tr\/wp-content\/uploads\/2025\/11\/Gemini_Generated_Image_8yybk38yybk38yyb-1024x569.png 1024w, https:\/\/aselgroup.com.tr\/wp-content\/uploads\/2025\/11\/Gemini_Generated_Image_8yybk38yybk38yyb-300x167.png 300w, https:\/\/aselgroup.com.tr\/wp-content\/uploads\/2025\/11\/Gemini_Generated_Image_8yybk38yybk38yyb-768x427.png 768w, https:\/\/aselgroup.com.tr\/wp-content\/uploads\/2025\/11\/Gemini_Generated_Image_8yybk38yybk38yyb-1536x854.png 1536w, https:\/\/aselgroup.com.tr\/wp-content\/uploads\/2025\/11\/Gemini_Generated_Image_8yybk38yybk38yyb-600x333.png 600w, https:\/\/aselgroup.com.tr\/wp-content\/uploads\/2025\/11\/Gemini_Generated_Image_8yybk38yybk38yyb.png 1920w\" sizes=\"auto, (max-width: 640px) 100vw, 640px\" \/><\/div>\n\t\t<\/figure>\n\t<\/div>\n<\/div><\/div><\/div><div class=\"wpb_column vc_column_container vc_col-sm-12 vc_col-lg-6 vc_col-md-6 rm-padding-lg bg-image-cl-ps-inherit\"><div class=\"vc_column-inner vc_custom_1573154355815\"><div class=\"wpb_wrapper\"><div id=\"ct-heading\" class=\"ct-heading layout1 align-left align-left-md align-left-sm align-left-xs\">\n    <div class=\"ct-inline-css\"  data-css=\"                                \">\n    <\/div>\n\n    \n    <p class=\"ct-heading-tag\" style=\"margin-bottom:10px; \">\n                                    Asel group as cleaning equipment, textile industrial products and infrastructure services in the field of excavation without compromising ethical values, high quality standards and we aim to offer you Service.<br \/>\nContinuous improvement, efficiency, innovation and sustainability at the center of our organizational culture, and placing them on the principles of the expectations of our customers and business partners reliable, fast, and solution-oriented approach are welcome.<br \/>\nSociety, environment and adopting the principle of adding value to our employees Asel Group; respect for human beings, transparent management, strong communication and long-term cooperation on the basis of where it is located, was tasked to produce lasting benefit in each region.<br \/>\n                        <\/p>\n\n    <\/div><div id=\"ct-space-69e4e0e0299d8\">\n\t<div class=\"ct-space\"><\/div>\n\t<div class=\"ct-inline-css\"  data-css=\"\t\t\t\t\t@media screen and (min-width: 1200px) {\t\t\t\t#ct-space-69e4e0e0299d8 .ct-space {\t\t\t\t\theight: 20px;\t\t\t\t}\t\t\t}\t\t\t\t\t\t\t@media (min-width: 992px) and (max-width: 1199px) {\t\t\t\t#ct-space-69e4e0e0299d8 .ct-space {\t\t\t\t\theight: 20px;\t\t\t\t}\t\t\t}\t\t\t\t\t\t\t@media (min-width: 768px) and (max-width: 991px) {\t\t\t\t#ct-space-69e4e0e0299d8 .ct-space {\t\t\t\t\theight: 20px;\t\t\t\t}\t\t\t}\t\t\t\t\t\t\t@media screen and (max-width: 767px) {\t\t\t\t#ct-space-69e4e0e0299d8 .ct-space {\t\t\t\t\theight: 20px;\t\t\t\t}\t\t\t}\t\t\">\n    <\/div>\n<\/div><div id=\"ct-space-69e4e0e029c71\">\n\t<div class=\"ct-space\"><\/div>\n\t<div class=\"ct-inline-css\"  data-css=\"\t\t\t\t\t@media screen and (min-width: 1200px) {\t\t\t\t#ct-space-69e4e0e029c71 .ct-space {\t\t\t\t\theight: 110px;\t\t\t\t}\t\t\t}\t\t\t\t\t\t\t@media (min-width: 992px) and (max-width: 1199px) {\t\t\t\t#ct-space-69e4e0e029c71 .ct-space {\t\t\t\t\theight: 110px;\t\t\t\t}\t\t\t}\t\t\t\t\t\t\t@media (min-width: 768px) and (max-width: 991px) {\t\t\t\t#ct-space-69e4e0e029c71 .ct-space {\t\t\t\t\theight: 60px;\t\t\t\t}\t\t\t}\t\t\t\t\t\t\t@media screen and (max-width: 767px) {\t\t\t\t#ct-space-69e4e0e029c71 .ct-space {\t\t\t\t\theight: 60px;\t\t\t\t}\t\t\t}\t\t\">\n    <\/div>\n<\/div><\/div><\/div><\/div><\/div><div class=\"vc_row-full-width vc_clearfix\"><\/div><div data-vc-full-width=\"true\" data-vc-full-width-temp=\"true\" data-vc-full-width-init=\"false\" data-vc-parallax=\"1.2\" class=\"vc_row wpb_row vc_row-fluid vc_custom_1763981989591 vc_row-has-fill vc_general vc_parallax vc_parallax-content-moving bg-image-ps-right\"><div class=\"wpb_column vc_column_container vc_col-sm-12 vc_col-lg-6 vc_col-md-6 rm-padding-lg bg-image-cl-ps-inherit\"><div class=\"vc_column-inner vc_custom_1573059637987\"><div class=\"wpb_wrapper\">\n\t<div  class=\"wpb_single_image wpb_content_element vc_align_center wpb_content_element image_align_xs_center image_align_sm_center\">\n\t\t\n\t\t<figure class=\"wpb_wrapper vc_figure\">\n\t\t\t<div class=\"vc_single_image-wrapper   vc_box_border_grey\"><img loading=\"lazy\" decoding=\"async\" width=\"640\" height=\"361\" src=\"https:\/\/aselgroup.com.tr\/wp-content\/uploads\/2025\/11\/Gemini_Generated_Image_yui07xyui07xyui0-1-1024x578.png\" class=\"vc_single_image-img attachment-large\" alt=\"\" title=\"Our vision\" srcset=\"https:\/\/aselgroup.com.tr\/wp-content\/uploads\/2025\/11\/Gemini_Generated_Image_yui07xyui07xyui0-1-1024x578.png 1024w, https:\/\/aselgroup.com.tr\/wp-content\/uploads\/2025\/11\/Gemini_Generated_Image_yui07xyui07xyui0-1-300x169.png 300w, https:\/\/aselgroup.com.tr\/wp-content\/uploads\/2025\/11\/Gemini_Generated_Image_yui07xyui07xyui0-1-768x433.png 768w, https:\/\/aselgroup.com.tr\/wp-content\/uploads\/2025\/11\/Gemini_Generated_Image_yui07xyui07xyui0-1-1536x866.png 1536w, https:\/\/aselgroup.com.tr\/wp-content\/uploads\/2025\/11\/Gemini_Generated_Image_yui07xyui07xyui0-1-600x338.png 600w, https:\/\/aselgroup.com.tr\/wp-content\/uploads\/2025\/11\/Gemini_Generated_Image_yui07xyui07xyui0-1.png 1920w\" sizes=\"auto, (max-width: 640px) 100vw, 640px\" \/><\/div>\n\t\t<\/figure>\n\t<\/div>\n<\/div><\/div><\/div><div class=\"wpb_column vc_column_container vc_col-sm-12 vc_col-lg-6 vc_col-md-6 rm-padding-lg bg-image-cl-ps-inherit\"><div class=\"vc_column-inner vc_custom_1573154355815\"><div class=\"wpb_wrapper\"><div id=\"ct-heading-2\" class=\"ct-heading layout1 align-left align-left-md align-left-sm align-left-xs\">\n    <div class=\"ct-inline-css\"  data-css=\"                                \">\n    <\/div>\n\n    \n    <p class=\"ct-heading-tag\" style=\"margin-bottom:10px; \">\n                                    The structure of a strong group of operating in different sectors of Turkey, our goal as its production capacity, the use of technology, operational excellence and exemplary community is to become a brand with our corporate structure in national and international markets.<br \/>\nThe modernization of production processes, new investments and consolidate our industry leadership through the steps for continuous improvement; sustainable and innovative Global Markets Group structure, we intend to move into the future.<br \/>\nOur vision: Asel groups they are not only producing economic value, but at the same time, creates employment in the region, contributing to society and for future generations is to move into the future as a powerful institution that develops sustainable projects.<br \/>\n                        <\/p>\n\n    <\/div><div id=\"ct-space-69e4e0e02abb1\">\n\t<div class=\"ct-space\"><\/div>\n\t<div class=\"ct-inline-css\"  data-css=\"\t\t\t\t\t@media screen and (min-width: 1200px) {\t\t\t\t#ct-space-69e4e0e02abb1 .ct-space {\t\t\t\t\theight: 20px;\t\t\t\t}\t\t\t}\t\t\t\t\t\t\t@media (min-width: 992px) and (max-width: 1199px) {\t\t\t\t#ct-space-69e4e0e02abb1 .ct-space {\t\t\t\t\theight: 20px;\t\t\t\t}\t\t\t}\t\t\t\t\t\t\t@media (min-width: 768px) and (max-width: 991px) {\t\t\t\t#ct-space-69e4e0e02abb1 .ct-space {\t\t\t\t\theight: 20px;\t\t\t\t}\t\t\t}\t\t\t\t\t\t\t@media screen and (max-width: 767px) {\t\t\t\t#ct-space-69e4e0e02abb1 .ct-space {\t\t\t\t\theight: 20px;\t\t\t\t}\t\t\t}\t\t\">\n    <\/div>\n<\/div><div class=\"ct-fancybox-layout1\">\n    <div class=\"ct-fancybox-inner\">\n                            <h3 class=\"ct-fancybox-title\">\n                Asel Group            <\/h3>\n                            <div class=\"ct-fancybox-content\" style=\"\">\n                The Board Of Directors            <\/div>\n            <\/div>\n<\/div><div id=\"ct-space-69e4e0e02b0d9\">\n\t<div class=\"ct-space\"><\/div>\n\t<div class=\"ct-inline-css\"  data-css=\"\t\t\t\t\t@media screen and (min-width: 1200px) {\t\t\t\t#ct-space-69e4e0e02b0d9 .ct-space {\t\t\t\t\theight: 110px;\t\t\t\t}\t\t\t}\t\t\t\t\t\t\t@media (min-width: 992px) and (max-width: 1199px) {\t\t\t\t#ct-space-69e4e0e02b0d9 .ct-space {\t\t\t\t\theight: 110px;\t\t\t\t}\t\t\t}\t\t\t\t\t\t\t@media (min-width: 768px) and (max-width: 991px) {\t\t\t\t#ct-space-69e4e0e02b0d9 .ct-space {\t\t\t\t\theight: 60px;\t\t\t\t}\t\t\t}\t\t\t\t\t\t\t@media screen and (max-width: 767px) {\t\t\t\t#ct-space-69e4e0e02b0d9 .ct-space {\t\t\t\t\theight: 60px;\t\t\t\t}\t\t\t}\t\t\">\n    <\/div>\n<\/div><\/div><\/div><\/div><\/div><div class=\"vc_row-full-width vc_clearfix\"><\/div><div data-vc-full-width=\"true\" data-vc-full-width-temp=\"true\" data-vc-full-width-init=\"false\" data-vc-stretch-content=\"true\" class=\"vc_row wpb_row vc_row-fluid vc_custom_1763985267448 vc_row-has-fill vc_row-o-content-middle vc_row-flex bg-image-ps-center\"><div class=\"wpb_column vc_column_container vc_col-sm-12 bg-image-cl-ps-inherit rm-cl-margin-lg-15px\"><div class=\"vc_column-inner\"><div class=\"wpb_wrapper\"><div id=\"ct-image-single-69e4e0e03694f\" class=\"ct-image-single text-center\">\n            <div class=\"ct-image   clearfix\">\n                            <img decoding=\"async\"   src=\"https:\/\/aselgroup.com.tr\/wp-content\/uploads\/2025\/11\/GES-2-1-1-scaled-e1763986078699.jpg\" alt=\"\"\/>\n                    <\/div>\n    <\/div><\/div><\/div><\/div><\/div><div class=\"vc_row-full-width vc_clearfix\"><\/div>\n<\/div>","protected":false},"excerpt":{"rendered":"Asel Grup Asel Grup olarak, temizlik ekipmanlar\u0131, tekstil, end\u00fcstriyel \u00fcr\u00fcnler ve altyap\u0131\u2013hafriyat hizmetleri alanlar\u0131nda etik de\u011ferlerden \u00f6d\u00fcn vermeden, y\u00fcksek kalite standartlar\u0131nda \u00fcretim ve hizmet sunmay\u0131 hedefliyoruz. S\u00fcrekli geli\u015fim, verimlilik, yenilik\u00e7ilik ve s\u00fcrd\u00fcr\u00fclebilirlik ilkelerini kurulu\u015f k\u00fclt\u00fcr\u00fcm\u00fcz\u00fcn merkezine yerle\u015ftirerek hem m\u00fc\u015fterilerimizin hem de i\u015f ortaklar\u0131m\u0131z\u0131n beklentilerini g\u00fcvenilir, h\u0131zl\u0131 ve \u00e7\u00f6z\u00fcm odakl\u0131 bir yakla\u015f\u0131mla kar\u015f\u0131l\u0131yoruz. Topluma, \u00e7evreye ve [...]","protected":false},"author":1,"featured_media":0,"parent":0,"menu_order":0,"comment_status":"closed","ping_status":"closed","template":"","meta":{"footnotes":""},"class_list":["post-3529","page","type-page","status-publish","hentry"],"_links":{"self":[{"href":"https:\/\/aselgroup.com.tr\/en\/wp-json\/wp\/v2\/pages\/3529","targetHints":{"allow":["GET"]}}],"collection":[{"href":"https:\/\/aselgroup.com.tr\/en\/wp-json\/wp\/v2\/pages"}],"about":[{"href":"https:\/\/aselgroup.com.tr\/en\/wp-json\/wp\/v2\/types\/page"}],"author":[{"embeddable":true,"href":"https:\/\/aselgroup.com.tr\/en\/wp-json\/wp\/v2\/users\/1"}],"replies":[{"embeddable":true,"href":"https:\/\/aselgroup.com.tr\/en\/wp-json\/wp\/v2\/comments?post=3529"}],"version-history":[{"count":4,"href":"https:\/\/aselgroup.com.tr\/en\/wp-json\/wp\/v2\/pages\/3529\/revisions"}],"predecessor-version":[{"id":3562,"href":"https:\/\/aselgroup.com.tr\/en\/wp-json\/wp\/v2\/pages\/3529\/revisions\/3562"}],"wp:attachment":[{"href":"https:\/\/aselgroup.com.tr\/en\/wp-json\/wp\/v2\/media?parent=3529"}],"curies":[{"name":"wp","href":"https:\/\/api.w.org\/{rel}","templated":true}]}}