{"id":3531,"date":"2019-09-01T09:24:01","date_gmt":"2019-09-01T09:24:01","guid":{"rendered":"https:\/\/aselgroup.com.tr\/?page_id=3531"},"modified":"2025-11-29T14:08:01","modified_gmt":"2025-11-29T14:08:01","slug":"degerlerimiz","status":"publish","type":"page","link":"https:\/\/aselgroup.com.tr\/en\/degerlerimiz\/","title":{"rendered":"Our values"},"content":{"rendered":"<div class=\"wpb-content-wrapper\"><div class=\"vc_row wpb_row vc_row-fluid bg-image-ps-inherit\"><div class=\"wpb_column vc_column_container vc_col-sm-12 bg-image-cl-ps-inherit\"><div class=\"vc_column-inner\"><div class=\"wpb_wrapper\"><div class=\"vc_empty_space\"   style=\"height: 50px\"><span class=\"vc_empty_space_inner\"><\/span><\/div>\n\t<div class=\"wpb_text_column wpb_content_element\" >\n\t\t<div class=\"wpb_wrapper\">\n\t\t\t<h2 style=\"text-align: center;\">ASEL GROUP<\/h2>\n<p style=\"text-align: center;\">Asel, as a group, continues to grow and develop in the light of these values, as we are maintaining our commitment to our stakeholders and mission to add value to society.<\/p>\n\n\t\t<\/div>\n\t<\/div>\n<\/div><\/div><\/div><\/div><div class=\"vc_row wpb_row vc_row-fluid bg-image-ps-inherit\"><div class=\"wpb_column vc_column_container vc_col-sm-12 bg-image-cl-ps-inherit\"><div class=\"vc_column-inner\"><div class=\"wpb_wrapper\"><div class=\"vc_empty_space\"   style=\"height: 32px\"><span class=\"vc_empty_space_inner\"><\/span><\/div><\/div><\/div><\/div><\/div><div class=\"vc_row wpb_row vc_row-fluid bg-image-ps-inherit\"><div class=\"wpb_column vc_column_container vc_col-sm-3 bg-image-cl-ps-inherit\"><div class=\"vc_column-inner\"><div class=\"wpb_wrapper\"><div id=\"ct-heading\" class=\"ct-heading layout1 align-left align-left-md align-left-sm align-left-xs\">\n    <div class=\"ct-inline-css\"  data-css=\"                                \">\n    <\/div>\n\n    \n    <h3 class=\"ct-heading-tag\" style=\"margin-bottom:10px; \">\n                                    Customer Orientation                        <\/h3>\n\n    <\/div><div id=\"ct-heading-2\" class=\"ct-heading layout1 align-left align-left-md align-left-sm align-left-xs\">\n    <div class=\"ct-inline-css\"  data-css=\"                                \">\n    <\/div>\n\n    \n    <p class=\"ct-heading-tag\" style=\"margin-bottom:10px; \">\n                                    Our customers are at the heart of our business. Understand their needs, and exceed expectations to ensure lasting satisfaction is our utmost priority. Always listens, understands, and with an approach that produces a solution for long-term, we aim to establish trusting relationships.                        <\/p>\n\n    <\/div><\/div><\/div><\/div><div class=\"wpb_column vc_column_container vc_col-sm-3 bg-image-cl-ps-inherit\"><div class=\"vc_column-inner\"><div class=\"wpb_wrapper\">\n\t<div  class=\"wpb_single_image wpb_content_element vc_align_center wpb_content_element image_align_xs_center image_align_sm_center\">\n\t\t\n\t\t<figure class=\"wpb_wrapper vc_figure\">\n\t\t\t<div class=\"vc_single_image-wrapper   vc_box_border_grey\"><img loading=\"lazy\" decoding=\"async\" width=\"640\" height=\"349\" src=\"https:\/\/aselgroup.com.tr\/wp-content\/uploads\/2025\/11\/Gemini_Generated_Image_zgrcetzgrcetzgrc-6-1024x559.png\" class=\"vc_single_image-img attachment-large\" alt=\"\" title=\"Gemini_Generated_Image_zgrcetzgrcetzgrc\" srcset=\"https:\/\/aselgroup.com.tr\/wp-content\/uploads\/2025\/11\/Gemini_Generated_Image_zgrcetzgrcetzgrc-6-1024x559.png 1024w, https:\/\/aselgroup.com.tr\/wp-content\/uploads\/2025\/11\/Gemini_Generated_Image_zgrcetzgrcetzgrc-6-300x164.png 300w, https:\/\/aselgroup.com.tr\/wp-content\/uploads\/2025\/11\/Gemini_Generated_Image_zgrcetzgrcetzgrc-6-768x419.png 768w, https:\/\/aselgroup.com.tr\/wp-content\/uploads\/2025\/11\/Gemini_Generated_Image_zgrcetzgrcetzgrc-6-1536x838.png 1536w, https:\/\/aselgroup.com.tr\/wp-content\/uploads\/2025\/11\/Gemini_Generated_Image_zgrcetzgrcetzgrc-6-2048x1117.png 2048w, https:\/\/aselgroup.com.tr\/wp-content\/uploads\/2025\/11\/Gemini_Generated_Image_zgrcetzgrcetzgrc-6-600x327.png 600w\" sizes=\"auto, (max-width: 640px) 100vw, 640px\" \/><\/div>\n\t\t<\/figure>\n\t<\/div>\n<\/div><\/div><\/div><div class=\"wpb_column vc_column_container vc_col-sm-3 bg-image-cl-ps-inherit\"><div class=\"vc_column-inner\"><div class=\"wpb_wrapper\"><div id=\"ct-heading-3\" class=\"ct-heading layout1 align-left align-left-md align-left-sm align-left-xs\">\n    <div class=\"ct-inline-css\"  data-css=\"                                \">\n    <\/div>\n\n    \n    <h3 class=\"ct-heading-tag\" style=\"margin-bottom:10px; \">\n                                    Quality and excellence                        <\/h3>\n\n    <\/div><div id=\"ct-heading-4\" class=\"ct-heading layout1 align-left align-left-md align-left-sm align-left-xs\">\n    <div class=\"ct-inline-css\"  data-css=\"                                \">\n    <\/div>\n\n    \n    <p class=\"ct-heading-tag\" style=\"margin-bottom:10px; \">\n                                    We strive to reach the highest standards of quality in our products and services. Continually improves our processes, minimizes errors, and \"making it right the first time\" with the principle act. Excellence is not a destination for us, it is a continuous journey.                        <\/p>\n\n    <\/div><\/div><\/div><\/div><div class=\"wpb_column vc_column_container vc_col-sm-3 bg-image-cl-ps-inherit\"><div class=\"vc_column-inner\"><div class=\"wpb_wrapper\">\n\t<div  class=\"wpb_single_image wpb_content_element vc_align_center wpb_content_element image_align_xs_center image_align_sm_center\">\n\t\t\n\t\t<figure class=\"wpb_wrapper vc_figure\">\n\t\t\t<div class=\"vc_single_image-wrapper   vc_box_border_grey\"><img loading=\"lazy\" decoding=\"async\" width=\"640\" height=\"349\" src=\"https:\/\/aselgroup.com.tr\/wp-content\/uploads\/2025\/11\/Gemini_Generated_Image_zgrcetzgrcetzgrc-1-1024x559.png\" class=\"vc_single_image-img attachment-large\" alt=\"\" title=\"Gemini_Generated_Image_zgrcetzgrcetzgrc (1)\" srcset=\"https:\/\/aselgroup.com.tr\/wp-content\/uploads\/2025\/11\/Gemini_Generated_Image_zgrcetzgrcetzgrc-1-1024x559.png 1024w, https:\/\/aselgroup.com.tr\/wp-content\/uploads\/2025\/11\/Gemini_Generated_Image_zgrcetzgrcetzgrc-1-300x164.png 300w, https:\/\/aselgroup.com.tr\/wp-content\/uploads\/2025\/11\/Gemini_Generated_Image_zgrcetzgrcetzgrc-1-768x419.png 768w, https:\/\/aselgroup.com.tr\/wp-content\/uploads\/2025\/11\/Gemini_Generated_Image_zgrcetzgrcetzgrc-1-1536x838.png 1536w, https:\/\/aselgroup.com.tr\/wp-content\/uploads\/2025\/11\/Gemini_Generated_Image_zgrcetzgrcetzgrc-1-2048x1117.png 2048w, https:\/\/aselgroup.com.tr\/wp-content\/uploads\/2025\/11\/Gemini_Generated_Image_zgrcetzgrcetzgrc-1-600x327.png 600w\" sizes=\"auto, (max-width: 640px) 100vw, 640px\" \/><\/div>\n\t\t<\/figure>\n\t<\/div>\n<\/div><\/div><\/div><\/div><div class=\"vc_row wpb_row vc_row-fluid bg-image-ps-inherit\"><div class=\"wpb_column vc_column_container vc_col-sm-12 bg-image-cl-ps-inherit\"><div class=\"vc_column-inner\"><div class=\"wpb_wrapper\"><div class=\"vc_empty_space\"   style=\"height: 32px\"><span class=\"vc_empty_space_inner\"><\/span><\/div><\/div><\/div><\/div><\/div><div class=\"vc_row wpb_row vc_row-fluid bg-image-ps-inherit\"><div class=\"wpb_column vc_column_container vc_col-sm-12 bg-image-cl-ps-inherit\"><div class=\"vc_column-inner\"><div class=\"wpb_wrapper\"><div class=\"vc_empty_space\"   style=\"height: 32px\"><span class=\"vc_empty_space_inner\"><\/span><\/div>\n<div class=\"vc_grid-container-wrapper vc_clearfix vc_grid-animation-fadeIn\">\n\t<div class=\"vc_grid-container vc_clearfix wpb_content_element vc_media_grid\" data-initial-loading-animation=\"fadeIn\" data-vc-grid-settings=\"{&quot;page_id&quot;:3531,&quot;style&quot;:&quot;all&quot;,&quot;action&quot;:&quot;vc_get_vc_grid_data&quot;,&quot;shortcode_id&quot;:&quot;1764424104871-d7bd8446-137a-3&quot;,&quot;tag&quot;:&quot;vc_media_grid&quot;}\" data-vc-request=\"https:\/\/aselgroup.com.tr\/wp-admin\/admin-ajax.php\" data-vc-post-id=\"3531\" data-vc-public-nonce=\"3aa60d31f2\">\n\t\t\n\t<\/div>\n<\/div><\/div><\/div><\/div><\/div><div class=\"vc_row wpb_row vc_row-fluid bg-image-ps-inherit\"><div class=\"wpb_column vc_column_container vc_col-sm-12 bg-image-cl-ps-inherit\"><div class=\"vc_column-inner\"><div class=\"wpb_wrapper\"><div class=\"vc_empty_space\"   style=\"height: 32px\"><span class=\"vc_empty_space_inner\"><\/span><\/div><\/div><\/div><\/div><\/div><div class=\"vc_row wpb_row vc_row-fluid bg-image-ps-inherit\"><div class=\"wpb_column vc_column_container vc_col-sm-3 bg-image-cl-ps-inherit\"><div class=\"vc_column-inner\"><div class=\"wpb_wrapper\">\n\t<div  class=\"wpb_single_image wpb_content_element vc_align_center wpb_content_element image_align_xs_center image_align_sm_center\">\n\t\t\n\t\t<figure class=\"wpb_wrapper vc_figure\">\n\t\t\t<div class=\"vc_single_image-wrapper   vc_box_border_grey\"><img loading=\"lazy\" decoding=\"async\" width=\"640\" height=\"349\" src=\"https:\/\/aselgroup.com.tr\/wp-content\/uploads\/2025\/11\/Gemini_Generated_Image_zgrcetzgrcetzgrc-3-1024x559.png\" class=\"vc_single_image-img attachment-large\" alt=\"\" title=\"Gemini_Generated_Image_zgrcetzgrcetzgrc (3)\" srcset=\"https:\/\/aselgroup.com.tr\/wp-content\/uploads\/2025\/11\/Gemini_Generated_Image_zgrcetzgrcetzgrc-3-1024x559.png 1024w, https:\/\/aselgroup.com.tr\/wp-content\/uploads\/2025\/11\/Gemini_Generated_Image_zgrcetzgrcetzgrc-3-300x164.png 300w, https:\/\/aselgroup.com.tr\/wp-content\/uploads\/2025\/11\/Gemini_Generated_Image_zgrcetzgrcetzgrc-3-768x419.png 768w, https:\/\/aselgroup.com.tr\/wp-content\/uploads\/2025\/11\/Gemini_Generated_Image_zgrcetzgrcetzgrc-3-1536x838.png 1536w, https:\/\/aselgroup.com.tr\/wp-content\/uploads\/2025\/11\/Gemini_Generated_Image_zgrcetzgrcetzgrc-3-2048x1117.png 2048w, https:\/\/aselgroup.com.tr\/wp-content\/uploads\/2025\/11\/Gemini_Generated_Image_zgrcetzgrcetzgrc-3-600x327.png 600w\" sizes=\"auto, (max-width: 640px) 100vw, 640px\" \/><\/div>\n\t\t<\/figure>\n\t<\/div>\n<\/div><\/div><\/div><div class=\"wpb_column vc_column_container vc_col-sm-3 bg-image-cl-ps-inherit\"><div class=\"vc_column-inner\"><div class=\"wpb_wrapper\"><div id=\"ct-heading-5\" class=\"ct-heading layout1 align-left align-left-md align-left-sm align-left-xs\">\n    <div class=\"ct-inline-css\"  data-css=\"                                \">\n    <\/div>\n\n    \n    <h3 class=\"ct-heading-tag\" style=\"margin-bottom:10px; \">\n                                    Innovation and continuous improvement                        <\/h3>\n\n    <\/div><div id=\"ct-heading-6\" class=\"ct-heading layout1 align-left align-left-md align-left-sm align-left-xs\">\n    <div class=\"ct-inline-css\"  data-css=\"                                \">\n    <\/div>\n\n    \n    <p class=\"ct-heading-tag\" style=\"margin-bottom:10px; \">\n                                    Innovation to keep pace with the changing world and to be a leader in our industry we support. Encourages new ideas, technology uses in the most effective way, and we develop ourselves as a continuous learning organization. Today we'll try to shape the future.                        <\/p>\n\n    <\/div><\/div><\/div><\/div><div class=\"wpb_column vc_column_container vc_col-sm-3 bg-image-cl-ps-inherit\"><div class=\"vc_column-inner\"><div class=\"wpb_wrapper\">\n\t<div  class=\"wpb_single_image wpb_content_element vc_align_center wpb_content_element image_align_xs_center image_align_sm_center\">\n\t\t\n\t\t<figure class=\"wpb_wrapper vc_figure\">\n\t\t\t<div class=\"vc_single_image-wrapper   vc_box_border_grey\"><img loading=\"lazy\" decoding=\"async\" width=\"640\" height=\"349\" src=\"https:\/\/aselgroup.com.tr\/wp-content\/uploads\/2025\/11\/Gemini_Generated_Image_zgrcetzgrcetzgrc-2-1024x559.png\" class=\"vc_single_image-img attachment-large\" alt=\"\" title=\"Gemini_Generated_Image_zgrcetzgrcetzgrc (2)\" srcset=\"https:\/\/aselgroup.com.tr\/wp-content\/uploads\/2025\/11\/Gemini_Generated_Image_zgrcetzgrcetzgrc-2-1024x559.png 1024w, https:\/\/aselgroup.com.tr\/wp-content\/uploads\/2025\/11\/Gemini_Generated_Image_zgrcetzgrcetzgrc-2-300x164.png 300w, https:\/\/aselgroup.com.tr\/wp-content\/uploads\/2025\/11\/Gemini_Generated_Image_zgrcetzgrcetzgrc-2-768x419.png 768w, https:\/\/aselgroup.com.tr\/wp-content\/uploads\/2025\/11\/Gemini_Generated_Image_zgrcetzgrcetzgrc-2-1536x838.png 1536w, https:\/\/aselgroup.com.tr\/wp-content\/uploads\/2025\/11\/Gemini_Generated_Image_zgrcetzgrcetzgrc-2-2048x1117.png 2048w, https:\/\/aselgroup.com.tr\/wp-content\/uploads\/2025\/11\/Gemini_Generated_Image_zgrcetzgrcetzgrc-2-600x327.png 600w\" sizes=\"auto, (max-width: 640px) 100vw, 640px\" \/><\/div>\n\t\t<\/figure>\n\t<\/div>\n<\/div><\/div><\/div><div class=\"wpb_column vc_column_container vc_col-sm-3 bg-image-cl-ps-inherit\"><div class=\"vc_column-inner\"><div class=\"wpb_wrapper\"><div id=\"ct-heading-7\" class=\"ct-heading layout1 align-left align-left-md align-left-sm align-left-xs\">\n    <div class=\"ct-inline-css\"  data-css=\"                                \">\n    <\/div>\n\n    \n    <h3 class=\"ct-heading-tag\" style=\"margin-bottom:10px; \">\n                                    Trust and transparency                        <\/h3>\n\n    <\/div><div id=\"ct-heading-8\" class=\"ct-heading layout1 align-left align-left-md align-left-sm align-left-xs\">\n    <div class=\"ct-inline-css\"  data-css=\"                                \">\n    <\/div>\n\n    \n    <p class=\"ct-heading-tag\" style=\"margin-bottom:10px; \">\n                                    In our business dealings honesty, openness, and transparency is essential. Accountable to our stakeholders, and we are committed to being a reliable partner committed to ethical values. Stand behind our words, we consider the trust to be our most valuable asset.                        <\/p>\n\n    <\/div><\/div><\/div><\/div><\/div><div class=\"vc_row wpb_row vc_row-fluid bg-image-ps-inherit\"><div class=\"wpb_column vc_column_container vc_col-sm-12 bg-image-cl-ps-inherit\"><div class=\"vc_column-inner\"><div class=\"wpb_wrapper\"><div class=\"vc_empty_space\"   style=\"height: 32px\"><span class=\"vc_empty_space_inner\"><\/span><\/div><\/div><\/div><\/div><\/div><div class=\"vc_row wpb_row vc_row-fluid bg-image-ps-inherit\"><div class=\"wpb_column vc_column_container vc_col-sm-12 col-overlay bg-image-cl-ps-inherit\"><div class=\"vc_column-inner\"><div class=\"wpb_wrapper\">\n<div class=\"vc_grid-container-wrapper vc_clearfix vc_grid-animation-fadeIn\">\n\t<div class=\"vc_grid-container vc_clearfix wpb_content_element vc_media_grid\" data-initial-loading-animation=\"fadeIn\" data-vc-grid-settings=\"{&quot;page_id&quot;:3531,&quot;style&quot;:&quot;all&quot;,&quot;action&quot;:&quot;vc_get_vc_grid_data&quot;,&quot;shortcode_id&quot;:&quot;1764424863631-ae6607c7-d0cf-2&quot;,&quot;tag&quot;:&quot;vc_media_grid&quot;}\" data-vc-request=\"https:\/\/aselgroup.com.tr\/wp-admin\/admin-ajax.php\" data-vc-post-id=\"3531\" data-vc-public-nonce=\"3aa60d31f2\">\n\t\t\n\t<\/div>\n<\/div><div class=\"vc_empty_space\"   style=\"height: 32px\"><span class=\"vc_empty_space_inner\"><\/span><\/div><\/div><\/div><\/div><\/div><div class=\"vc_row wpb_row vc_row-fluid bg-image-ps-inherit\"><div class=\"wpb_column vc_column_container vc_col-sm-12 bg-image-cl-ps-inherit\"><div class=\"vc_column-inner\"><div class=\"wpb_wrapper\"><div class=\"vc_empty_space\"   style=\"height: 32px\"><span class=\"vc_empty_space_inner\"><\/span><\/div><\/div><\/div><\/div><\/div><div class=\"vc_row wpb_row vc_row-fluid bg-image-ps-inherit\"><div class=\"wpb_column vc_column_container vc_col-sm-3 bg-image-cl-ps-inherit\"><div class=\"vc_column-inner\"><div class=\"wpb_wrapper\"><div id=\"ct-heading-9\" class=\"ct-heading layout1 align-left align-left-md align-left-sm align-left-xs\">\n    <div class=\"ct-inline-css\"  data-css=\"                                \">\n    <\/div>\n\n    \n    <h3 class=\"ct-heading-tag\" style=\"margin-bottom:10px; \">\n                                    Sustainability and responsibility                        <\/h3>\n\n    <\/div><div id=\"ct-heading-10\" class=\"ct-heading layout1 align-left align-left-md align-left-sm align-left-xs\">\n    <div class=\"ct-inline-css\"  data-css=\"                                \">\n    <\/div>\n\n    \n    <p class=\"ct-heading-tag\" style=\"margin-bottom:10px; \">\n                                    We are aware of the environmental and social impact of our activities. Resources for a sustainable future, efficient, environmentally sensitive and develop projects that contribute to society, we act with a sense of social responsibility. We aim to leave a livable world for future generations.                        <\/p>\n\n    <\/div><\/div><\/div><\/div><div class=\"wpb_column vc_column_container vc_col-sm-3 bg-image-cl-ps-inherit\"><div class=\"vc_column-inner\"><div class=\"wpb_wrapper\">\n\t<div  class=\"wpb_single_image wpb_content_element vc_align_center wpb_content_element image_align_xs_center image_align_sm_center\">\n\t\t\n\t\t<figure class=\"wpb_wrapper vc_figure\">\n\t\t\t<div class=\"vc_single_image-wrapper   vc_box_border_grey\"><img loading=\"lazy\" decoding=\"async\" width=\"640\" height=\"349\" src=\"https:\/\/aselgroup.com.tr\/wp-content\/uploads\/2025\/11\/Gemini_Generated_Image_zgrcetzgrcetzgrc-4-1024x559.png\" class=\"vc_single_image-img attachment-large\" alt=\"\" title=\"Gemini_Generated_Image_zgrcetzgrcetzgrc (4)\" srcset=\"https:\/\/aselgroup.com.tr\/wp-content\/uploads\/2025\/11\/Gemini_Generated_Image_zgrcetzgrcetzgrc-4-1024x559.png 1024w, https:\/\/aselgroup.com.tr\/wp-content\/uploads\/2025\/11\/Gemini_Generated_Image_zgrcetzgrcetzgrc-4-300x164.png 300w, https:\/\/aselgroup.com.tr\/wp-content\/uploads\/2025\/11\/Gemini_Generated_Image_zgrcetzgrcetzgrc-4-768x419.png 768w, https:\/\/aselgroup.com.tr\/wp-content\/uploads\/2025\/11\/Gemini_Generated_Image_zgrcetzgrcetzgrc-4-1536x838.png 1536w, https:\/\/aselgroup.com.tr\/wp-content\/uploads\/2025\/11\/Gemini_Generated_Image_zgrcetzgrcetzgrc-4-2048x1117.png 2048w, https:\/\/aselgroup.com.tr\/wp-content\/uploads\/2025\/11\/Gemini_Generated_Image_zgrcetzgrcetzgrc-4-600x327.png 600w\" sizes=\"auto, (max-width: 640px) 100vw, 640px\" \/><\/div>\n\t\t<\/figure>\n\t<\/div>\n<\/div><\/div><\/div><div class=\"wpb_column vc_column_container vc_col-sm-3 bg-image-cl-ps-inherit\"><div class=\"vc_column-inner\"><div class=\"wpb_wrapper\"><div id=\"ct-heading-11\" class=\"ct-heading layout1 align-left align-left-md align-left-sm align-left-xs\">\n    <div class=\"ct-inline-css\"  data-css=\"                                \">\n    <\/div>\n\n    \n    <h3 class=\"ct-heading-tag\" style=\"margin-bottom:10px; \">\n                                    Human-orientation and team spirit                        <\/h3>\n\n    <\/div><div id=\"ct-heading-12\" class=\"ct-heading layout1 align-left align-left-md align-left-sm align-left-xs\">\n    <div class=\"ct-inline-css\"  data-css=\"                                \">\n    <\/div>\n\n    \n    <p class=\"ct-heading-tag\" style=\"margin-bottom:10px; \">\n                                    On the basis of our success expert and lies in our dedicated employees. Invests in the development of our employees, We offer fair and inclusive work environment. Respect for differences, cooperation and solidarity in our common goals we act in running a strong team spirit.                        <\/p>\n\n    <\/div><\/div><\/div><\/div><div class=\"wpb_column vc_column_container vc_col-sm-3 bg-image-cl-ps-inherit\"><div class=\"vc_column-inner\"><div class=\"wpb_wrapper\">\n\t<div  class=\"wpb_single_image wpb_content_element vc_align_center wpb_content_element image_align_xs_center image_align_sm_center\">\n\t\t\n\t\t<figure class=\"wpb_wrapper vc_figure\">\n\t\t\t<div class=\"vc_single_image-wrapper   vc_box_border_grey\"><img loading=\"lazy\" decoding=\"async\" width=\"640\" height=\"349\" src=\"https:\/\/aselgroup.com.tr\/wp-content\/uploads\/2025\/11\/Gemini_Generated_Image_zgrcetzgrcetzgrc-5-1024x559.png\" class=\"vc_single_image-img attachment-large\" alt=\"\" title=\"Gemini_Generated_Image_zgrcetzgrcetzgrc (5)\" srcset=\"https:\/\/aselgroup.com.tr\/wp-content\/uploads\/2025\/11\/Gemini_Generated_Image_zgrcetzgrcetzgrc-5-1024x559.png 1024w, https:\/\/aselgroup.com.tr\/wp-content\/uploads\/2025\/11\/Gemini_Generated_Image_zgrcetzgrcetzgrc-5-300x164.png 300w, https:\/\/aselgroup.com.tr\/wp-content\/uploads\/2025\/11\/Gemini_Generated_Image_zgrcetzgrcetzgrc-5-768x419.png 768w, https:\/\/aselgroup.com.tr\/wp-content\/uploads\/2025\/11\/Gemini_Generated_Image_zgrcetzgrcetzgrc-5-1536x838.png 1536w, https:\/\/aselgroup.com.tr\/wp-content\/uploads\/2025\/11\/Gemini_Generated_Image_zgrcetzgrcetzgrc-5-2048x1117.png 2048w, https:\/\/aselgroup.com.tr\/wp-content\/uploads\/2025\/11\/Gemini_Generated_Image_zgrcetzgrcetzgrc-5-600x327.png 600w\" sizes=\"auto, (max-width: 640px) 100vw, 640px\" \/><\/div>\n\t\t<\/figure>\n\t<\/div>\n<\/div><\/div><\/div><\/div><div class=\"vc_row wpb_row vc_row-fluid bg-image-ps-inherit\"><div class=\"wpb_column vc_column_container vc_col-sm-12 bg-image-cl-ps-inherit\"><div class=\"vc_column-inner\"><div class=\"wpb_wrapper\"><div class=\"vc_empty_space\"   style=\"height: 32px\"><span class=\"vc_empty_space_inner\"><\/span><\/div><\/div><\/div><\/div><\/div><div data-vc-full-width=\"true\" data-vc-full-width-temp=\"true\" data-vc-full-width-init=\"false\" data-vc-stretch-content=\"true\" class=\"vc_row wpb_row vc_row-fluid vc_custom_1763985267448 vc_row-has-fill vc_row-o-content-middle vc_row-flex bg-image-ps-center\"><div class=\"wpb_column vc_column_container vc_col-sm-12 bg-image-cl-ps-inherit rm-cl-margin-lg-15px\"><div class=\"vc_column-inner\"><div class=\"wpb_wrapper\"><div id=\"ct-image-single-69e4e0c1ccc77\" class=\"ct-image-single text-center\">\n            <div class=\"ct-image   clearfix\">\n                            <img decoding=\"async\"   src=\"https:\/\/aselgroup.com.tr\/wp-content\/uploads\/2025\/11\/GES-2-1-1-scaled-e1763986078699.jpg\" alt=\"\"\/>\n                    <\/div>\n    <\/div><\/div><\/div><\/div><\/div><div class=\"vc_row-full-width vc_clearfix\"><\/div>\n<\/div>","protected":false},"excerpt":{"rendered":"ASEL GRUP Asel Grup olarak, bu de\u011ferler \u0131\u015f\u0131\u011f\u0131nda b\u00fcy\u00fcmeye ve geli\u015fmeye devam ederken, payda\u015flar\u0131m\u0131za ve topluma de\u011fer katma misyonumuzu kararl\u0131l\u0131kla s\u00fcrd\u00fcr\u00fcyoruz. M\u00fc\u015fteri Odakl\u0131l\u0131k M\u00fc\u015fterilerimiz, i\u015fimizin kalbindedir. Onlar\u0131n ihtiya\u00e7lar\u0131n\u0131 anlamak, beklentilerini a\u015fmak ve kal\u0131c\u0131 memnuniyet sa\u011flamak en b\u00fcy\u00fck \u00f6nceli\u011fimizdir. Her zaman dinleyen, anlayan ve \u00e7\u00f6z\u00fcm \u00fcreten bir yakla\u015f\u0131mla, uzun vadeli g\u00fcvene dayal\u0131 ili\u015fkiler kurmay\u0131 hedefleriz. Kalite [...]","protected":false},"author":1,"featured_media":0,"parent":0,"menu_order":0,"comment_status":"closed","ping_status":"closed","template":"","meta":{"footnotes":""},"class_list":["post-3531","page","type-page","status-publish","hentry"],"_links":{"self":[{"href":"https:\/\/aselgroup.com.tr\/en\/wp-json\/wp\/v2\/pages\/3531","targetHints":{"allow":["GET"]}}],"collection":[{"href":"https:\/\/aselgroup.com.tr\/en\/wp-json\/wp\/v2\/pages"}],"about":[{"href":"https:\/\/aselgroup.com.tr\/en\/wp-json\/wp\/v2\/types\/page"}],"author":[{"embeddable":true,"href":"https:\/\/aselgroup.com.tr\/en\/wp-json\/wp\/v2\/users\/1"}],"replies":[{"embeddable":true,"href":"https:\/\/aselgroup.com.tr\/en\/wp-json\/wp\/v2\/comments?post=3531"}],"version-history":[{"count":6,"href":"https:\/\/aselgroup.com.tr\/en\/wp-json\/wp\/v2\/pages\/3531\/revisions"}],"predecessor-version":[{"id":3557,"href":"https:\/\/aselgroup.com.tr\/en\/wp-json\/wp\/v2\/pages\/3531\/revisions\/3557"}],"wp:attachment":[{"href":"https:\/\/aselgroup.com.tr\/en\/wp-json\/wp\/v2\/media?parent=3531"}],"curies":[{"name":"wp","href":"https:\/\/api.w.org\/{rel}","templated":true}]}}