{"id":3580,"date":"2019-09-01T09:24:01","date_gmt":"2019-09-01T09:24:01","guid":{"rendered":"https:\/\/aselgroup.com.tr\/?page_id=3580"},"modified":"2025-11-30T22:37:58","modified_gmt":"2025-11-30T22:37:58","slug":"firmalar","status":"publish","type":"page","link":"https:\/\/aselgroup.com.tr\/en\/firmalar\/","title":{"rendered":"Companies"},"content":{"rendered":"<div class=\"wpb-content-wrapper\"><div class=\"vc_row wpb_row vc_row-fluid bg-image-ps-inherit\"><div class=\"wpb_column vc_column_container vc_col-sm-12 bg-image-cl-ps-inherit\"><div class=\"vc_column-inner\"><div class=\"wpb_wrapper\">\n\t<div class=\"wpb_text_column wpb_content_element\" >\n\t\t<div class=\"wpb_wrapper\">\n\t\t\t<h2 style=\"text-align: center;\"><strong>Asel Group<\/strong><\/h2>\n<p>Asel Grup olarak faaliyet g\u00f6sterdi\u011fimiz her sekt\u00f6rde, kalite, g\u00fcven ve s\u00fcrd\u00fcr\u00fclebilir ba\u015far\u0131y\u0131 merkeze al\u0131yoruz. Farkl\u0131 alanlarda uzmanla\u015fm\u0131\u015f grup \u015firketlerimiz; \u00fcretimden hizmete, end\u00fcstriyelden enerjiye kadar geni\u015f bir yelpazede m\u00fc\u015fterilerimize de\u011fer katmay\u0131 ama\u00e7l\u0131yor. Her biri kendi alan\u0131nda g\u00fc\u00e7l\u00fc yap\u0131ya sahip bu \u015firketler, Asel Grup\u2019un vizyonunu ileriye ta\u015f\u0131yan yenilik\u00e7i, \u00e7\u00f6z\u00fcm odakl\u0131 ve kurumsal yakla\u015f\u0131m\u0131yla faaliyet g\u00f6stermektedir.<\/p>\n\n\t\t<\/div>\n\t<\/div>\n<div class=\"vc_row wpb_row vc_inner vc_row-fluid\"><div class=\"wpb_column vc_column_container vc_col-sm-12\"><div class=\"vc_column-inner\"><div class=\"wpb_wrapper\"><div id=\"ct-space-69e4e0c01182e\">\n\t<div class=\"ct-space\"><\/div>\n\t<div class=\"ct-inline-css\"  data-css=\"\t\t\t\t\t@media screen and (min-width: 1200px) {\t\t\t\t#ct-space-69e4e0c01182e .ct-space {\t\t\t\t\theight: 60px;\t\t\t\t}\t\t\t}\t\t\t\t\t\t\t@media (min-width: 992px) and (max-width: 1199px) {\t\t\t\t#ct-space-69e4e0c01182e .ct-space {\t\t\t\t\theight: 60px;\t\t\t\t}\t\t\t}\t\t\t\t\t\t\t@media (min-width: 768px) and (max-width: 991px) {\t\t\t\t#ct-space-69e4e0c01182e .ct-space {\t\t\t\t\theight: 60px;\t\t\t\t}\t\t\t}\t\t\t\t\t\t\t@media screen and (max-width: 767px) {\t\t\t\t#ct-space-69e4e0c01182e .ct-space {\t\t\t\t\theight: 60px;\t\t\t\t}\t\t\t}\t\t\">\n    <\/div>\n<\/div>\n<div id=\"ct-service-grid\" class=\"ct-grid ct-grid-service layout3 asel grup\">\n\n    \n    <div class=\"ct-grid-inner row\" data-gutter=\"15\">\n                                    <div class=\"grid-item col-xl-4 col-lg-4 col-md-6 col-sm-6 col-6\">\n                        <div class=\"grid-item-inner\">\n                                                            <div class=\"item-featured\">\n                                    <a  href=\"https:\/\/aselgroup.com.tr\/en\/service\/asel-enerji\/\">\n                                        <img decoding=\"async\" class=\"\" src=\"https:\/\/aselgroup.com.tr\/wp-content\/uploads\/2025\/11\/GES-1-1-scaled-600x438.jpg\" width=\"600\" height=\"438\" alt=\"Solar panels and blue sky. Solar panels system power generators from sun. Clean technology for better future\" title=\"clean technology\" loading=\"lazy\" \/>                                    <\/a>\n                                                                    <\/div>\n                                                        <div class=\"dlab-info\">\n                                <h3 class=\"item-title\" style=\"background-color:#00C6FF;\">\n                                    <a href=\"https:\/\/aselgroup.com.tr\/en\/service\/asel-enerji\/\">ASEL ENERGY<\/a>\n                                    <a class=\"btn-leanmore\" href=\"https:\/\/aselgroup.com.tr\/en\/service\/asel-enerji\/\">\n                                        <i class=\"fa fa-angle-right\"><\/i>\n                                    <\/a>\n                                <\/h3>\n                            <\/div>\n                        <\/div>\n                    <\/div>\n                                    <div class=\"grid-item col-xl-4 col-lg-4 col-md-6 col-sm-6 col-6\">\n                        <div class=\"grid-item-inner\">\n                                                            <div class=\"item-featured\">\n                                    <a  href=\"https:\/\/aselgroup.com.tr\/en\/service\/asel-mop\/\">\n                                        <img decoding=\"async\" class=\"\" src=\"https:\/\/aselgroup.com.tr\/wp-content\/uploads\/2025\/11\/UGUR57982-scaled-600x438.jpg\" width=\"600\" height=\"438\" alt=\"UGUR57982\" title=\"UGUR57982\" loading=\"lazy\" \/>                                    <\/a>\n                                                                    <\/div>\n                                                        <div class=\"dlab-info\">\n                                <h3 class=\"item-title\" style=\"background-color:#00C6FF;\">\n                                    <a href=\"https:\/\/aselgroup.com.tr\/en\/service\/asel-mop\/\">ASEL MOP<\/a>\n                                    <a class=\"btn-leanmore\" href=\"https:\/\/aselgroup.com.tr\/en\/service\/asel-mop\/\">\n                                        <i class=\"fa fa-angle-right\"><\/i>\n                                    <\/a>\n                                <\/h3>\n                            <\/div>\n                        <\/div>\n                    <\/div>\n                                    <div class=\"grid-item col-xl-4 col-lg-4 col-md-6 col-sm-6 col-6\">\n                        <div class=\"grid-item-inner\">\n                                                            <div class=\"item-featured\">\n                                    <a  href=\"https:\/\/aselgroup.com.tr\/en\/service\/asl-iplik\/\">\n                                        <img decoding=\"async\" class=\"\" src=\"https:\/\/aselgroup.com.tr\/wp-content\/uploads\/2025\/11\/Asel-Iplik-3-600x438.jpg\" width=\"600\" height=\"438\" alt=\"Asel \u0130plik 3\" title=\"Thread 3 Asel\" loading=\"lazy\" \/>                                    <\/a>\n                                                                    <\/div>\n                                                        <div class=\"dlab-info\">\n                                <h3 class=\"item-title\" style=\"background-color:#00C6FF;\">\n                                    <a href=\"https:\/\/aselgroup.com.tr\/en\/service\/asl-iplik\/\">ASL THREAD<\/a>\n                                    <a class=\"btn-leanmore\" href=\"https:\/\/aselgroup.com.tr\/en\/service\/asl-iplik\/\">\n                                        <i class=\"fa fa-angle-right\"><\/i>\n                                    <\/a>\n                                <\/h3>\n                            <\/div>\n                        <\/div>\n                    <\/div>\n                                    <div class=\"grid-item col-xl-4 col-lg-4 col-md-6 col-sm-6 col-6\">\n                        <div class=\"grid-item-inner\">\n                                                            <div class=\"item-featured\">\n                                    <a  href=\"https:\/\/aselgroup.com.tr\/en\/service\/lesa-endustriyel\/\">\n                                        <img decoding=\"async\" class=\"\" src=\"https:\/\/aselgroup.com.tr\/wp-content\/uploads\/2025\/11\/Asel-Iplik-5-e1763907628826-600x438.jpg\" width=\"600\" height=\"438\" alt=\"Asel \u0130plik 5\" title=\"Thread 5 Asel\" loading=\"lazy\" \/>                                    <\/a>\n                                                                    <\/div>\n                                                        <div class=\"dlab-info\">\n                                <h3 class=\"item-title\" style=\"background-color:#00C6FF;\">\n                                    <a href=\"https:\/\/aselgroup.com.tr\/en\/service\/lesa-endustriyel\/\">LESA INDUSTRIAL<\/a>\n                                    <a class=\"btn-leanmore\" href=\"https:\/\/aselgroup.com.tr\/en\/service\/lesa-endustriyel\/\">\n                                        <i class=\"fa fa-angle-right\"><\/i>\n                                    <\/a>\n                                <\/h3>\n                            <\/div>\n                        <\/div>\n                    <\/div>\n                                    <div class=\"grid-item col-xl-4 col-lg-4 col-md-6 col-sm-6 col-6\">\n                        <div class=\"grid-item-inner\">\n                                                            <div class=\"item-featured\">\n                                    <a  href=\"https:\/\/aselgroup.com.tr\/en\/service\/saytex-kumas\/\">\n                                        <img decoding=\"async\" class=\"\" src=\"https:\/\/aselgroup.com.tr\/wp-content\/uploads\/2025\/11\/Asel-Iplik-8-600x438.jpg\" width=\"600\" height=\"438\" alt=\"Asel \u0130plik 8\" title=\"Yarn Asel 8\" loading=\"lazy\" \/>                                    <\/a>\n                                                                    <\/div>\n                                                        <div class=\"dlab-info\">\n                                <h3 class=\"item-title\" style=\"background-color:#00C6FF;\">\n                                    <a href=\"https:\/\/aselgroup.com.tr\/en\/service\/saytex-kumas\/\">SAYTEX FABRIC<\/a>\n                                    <a class=\"btn-leanmore\" href=\"https:\/\/aselgroup.com.tr\/en\/service\/saytex-kumas\/\">\n                                        <i class=\"fa fa-angle-right\"><\/i>\n                                    <\/a>\n                                <\/h3>\n                            <\/div>\n                        <\/div>\n                    <\/div>\n                                    <div class=\"grid-item col-xl-4 col-lg-4 col-md-6 col-sm-6 col-6\">\n                        <div class=\"grid-item-inner\">\n                                                            <div class=\"item-featured\">\n                                    <a  href=\"https:\/\/aselgroup.com.tr\/en\/service\/umut-hafriyat\/\">\n                                        <img decoding=\"async\" class=\"\" src=\"https:\/\/aselgroup.com.tr\/wp-content\/uploads\/2025\/11\/Umut-Har-12-scaled-600x438.jpg\" width=\"600\" height=\"438\" alt=\"Umut Har 12\" title=\"12 Hope Har\" loading=\"lazy\" \/>                                    <\/a>\n                                                                    <\/div>\n                                                        <div class=\"dlab-info\">\n                                <h3 class=\"item-title\" style=\"background-color:#00C6FF;\">\n                                    <a href=\"https:\/\/aselgroup.com.tr\/en\/service\/umut-hafriyat\/\">UMUT EXCAVATION<\/a>\n                                    <a class=\"btn-leanmore\" href=\"https:\/\/aselgroup.com.tr\/en\/service\/umut-hafriyat\/\">\n                                        <i class=\"fa fa-angle-right\"><\/i>\n                                    <\/a>\n                                <\/h3>\n                            <\/div>\n                        <\/div>\n                    <\/div>\n                    <\/div>\n        <\/div><\/div><\/div><\/div><\/div><\/div><\/div><\/div><\/div>\n<\/div>","protected":false},"excerpt":{"rendered":"Umut Hafriyat, altyap\u0131 \u00e7al\u0131\u015fmalar\u0131, hafriyat hizmetleri ve zemin haz\u0131rl\u0131k projelerinde g\u00fcvenilir \u00e7\u00f6z\u00fcmler sunan profesyonel bir firmad\u0131r. Modern ekipmanlar\u0131 ve deneyimli kadrosuyla kaz\u0131, dolgu, y\u0131k\u0131m, enkaz ta\u015f\u0131ma ve saha d\u00fczenleme i\u015flerinde y\u00fcksek kalite standartlar\u0131n\u0131 uygular. Projelerin zaman\u0131nda, g\u00fcvenli ve teknik \u015fartnamelere uygun \u015fekilde tamamlanmas\u0131n\u0131 hedefleyen Umut Hafriyat, g\u00fc\u00e7l\u00fc makine park\u0131 ve saha uzmanl\u0131\u011f\u0131yla sekt\u00f6r\u00fcn ihtiya\u00e7lar\u0131na profesyonel [...]","protected":false},"author":1,"featured_media":0,"parent":0,"menu_order":0,"comment_status":"closed","ping_status":"closed","template":"","meta":{"footnotes":""},"class_list":["post-3580","page","type-page","status-publish","hentry"],"_links":{"self":[{"href":"https:\/\/aselgroup.com.tr\/en\/wp-json\/wp\/v2\/pages\/3580","targetHints":{"allow":["GET"]}}],"collection":[{"href":"https:\/\/aselgroup.com.tr\/en\/wp-json\/wp\/v2\/pages"}],"about":[{"href":"https:\/\/aselgroup.com.tr\/en\/wp-json\/wp\/v2\/types\/page"}],"author":[{"embeddable":true,"href":"https:\/\/aselgroup.com.tr\/en\/wp-json\/wp\/v2\/users\/1"}],"replies":[{"embeddable":true,"href":"https:\/\/aselgroup.com.tr\/en\/wp-json\/wp\/v2\/comments?post=3580"}],"version-history":[{"count":3,"href":"https:\/\/aselgroup.com.tr\/en\/wp-json\/wp\/v2\/pages\/3580\/revisions"}],"predecessor-version":[{"id":3593,"href":"https:\/\/aselgroup.com.tr\/en\/wp-json\/wp\/v2\/pages\/3580\/revisions\/3593"}],"wp:attachment":[{"href":"https:\/\/aselgroup.com.tr\/en\/wp-json\/wp\/v2\/media?parent=3580"}],"curies":[{"name":"wp","href":"https:\/\/api.w.org\/{rel}","templated":true}]}}